{"id":9139,"date":"2022-02-09T11:57:18","date_gmt":"2022-02-09T14:57:18","guid":{"rendered":"https:\/\/www.amino.com.br\/?page_id=9139"},"modified":"2025-04-09T19:03:50","modified_gmt":"2025-04-09T22:03:50","slug":"politica-de-privacidad","status":"publish","type":"page","link":"https:\/\/www.amino.com.br\/es\/politica-de-privacidad\/","title":{"rendered":"Pol\u00edtica de Privacidad"},"content":{"rendered":"\n<p>Los datos personales recopilados ser\u00e1n procesados y almacenados de acuerdo con las disposiciones legales sobre protecci\u00f3n de datos (LGPD \u2013 Ley N\u00ba 13.709\/2018), que establece una serie de requisitos para quienes realicen actividades de tratamiento de datos personales.<\/p>\n\n\n\n<div class=\"wp-block-group card card-body border my-5 bg-light\"><div class=\"wp-block-group__inner-container is-layout-constrained wp-block-group-is-layout-constrained\">\n<h6 class=\"fw-bold text-uppercase text-primary mb-4\">Responsable del Tratamiento de Datos &#8211; DPO<\/h6>\n\n<a href=\"mailto:eduardo@linsebenedetto.com.br\" class=\"btn btn-sm btn-outline-primary bg-white mb-0 w-100\">eduardo@linsebenedetto.com.br<\/a>\n<\/div><\/div>\n\n\n\n<p><strong>La ley se aplica:<\/strong><\/p>\n\n\n\n<ul class=\"wp-block-list\">\n<li>Si la operaci\u00f3n de tratamiento de datos se realiza dentro del territorio nacional;<\/li>\n\n\n\n<li>Si la actividad de tratamiento tiene como objetivo ofrecer productos o servicios o implica el tratamiento de datos de individuos localizados en el territorio nacional;<\/li>\n\n\n\n<li>Si los datos personales son recolectados en el territorio nacional. Seg\u00fan la ley, <strong>datos personales<\/strong> son cualquier informaci\u00f3n relacionada con una persona identificada o identificable.<\/li>\n<\/ul>\n\n\n\n<p>El t\u00e9rmino <strong>\u00abtratamiento de datos personales\u00bb<\/strong> abarca pr\u00e1cticamente todas las actividades que pueden realizarse con los datos, tales como:<\/p>\n\n\n\n<ul class=\"wp-block-list\">\n<li>Recolecci\u00f3n, producci\u00f3n, recepci\u00f3n, clasificaci\u00f3n, utilizaci\u00f3n, acceso, reproducci\u00f3n, transmisi\u00f3n, distribuci\u00f3n, procesamiento, archivo, almacenamiento, eliminaci\u00f3n, evaluaci\u00f3n o control de informaci\u00f3n, modificaci\u00f3n, comunicaci\u00f3n, transferencia, difusi\u00f3n o extracci\u00f3n.<\/li>\n<\/ul>\n\n\n\n<p><strong>Obligaciones Impuestas por la Ley:<\/strong><\/p>\n\n\n\n<p>Entre las obligaciones impuestas por la ley, quienes realicen dichas actividades deben ser <strong>transparentes<\/strong>. Por esta raz\u00f3n, cualquier persona que maneje datos personales, incluidos los administradores de sitios web o aplicaciones, debe informar a los titulares sobre:<\/p>\n\n\n\n<ol start=\"1\" class=\"wp-block-list\">\n<li>C\u00f3mo se utilizan sus datos, y<\/li>\n\n\n\n<li>Los motivos por los cuales son tratados.<\/li>\n<\/ol>\n\n\n\n<p>Nos complace informarle c\u00f3mo sus datos ser\u00e1n tratados en nuestro sistema.<\/p>\n\n\n\n<p><strong>Nota Importante:<\/strong><br>El Usuario siempre tiene derecho a:<\/p>\n\n\n\n<ul class=\"wp-block-list\">\n<li>Oponerse al registro de sus datos;<\/li>\n\n\n\n<li>Corregir sus datos; o<\/li>\n\n\n\n<li>Bloquear o eliminar sus datos.<\/li>\n<\/ul>\n\n\n\n<h2 class=\"wp-block-heading\" style=\"font-size:25px\"><strong>1. Recolecci\u00f3n y Tratamiento de Datos No Personales<\/strong><\/h2>\n\n\n\n<ul class=\"wp-block-list\">\n<li>La informaci\u00f3n no personal es recopilada autom\u00e1ticamente por <strong>AMINO QU\u00cdMICA LTDA. (AMINO)<\/strong> cuando se accede al sitio web y al bolet\u00edn informativo.<\/li>\n\n\n\n<li>Esta informaci\u00f3n incluye datos estad\u00edsticos que proporcionan informaci\u00f3n acumulativa, tales como:\n<ul class=\"wp-block-list\">\n<li>El navegador de internet utilizado,<\/li>\n\n\n\n<li>El sistema operativo,<\/li>\n\n\n\n<li>El n\u00famero de visitantes, etc.<\/li>\n<\/ul>\n<\/li>\n\n\n\n<li><strong>AMINO (matriz y sucursales)<\/strong> utiliza esta informaci\u00f3n para mejorar continuamente su sitio web y bolet\u00edn informativo.<\/li>\n<\/ul>\n\n\n\n<h2 class=\"wp-block-heading\" style=\"font-size:25px\"><strong>2. \u00bfCu\u00e1les son las Bases Legales para el Tratamiento de Datos Personales?<\/strong><\/h2>\n\n\n\n<p>Una <strong>base legal<\/strong> para el tratamiento de datos personales es una justificaci\u00f3n permitida por la ley que permite a una persona o empresa manejar datos personales. La LGPD exige que cada actividad de tratamiento est\u00e9 respaldada por una de las bases legales establecidas en la ley.<\/p>\n\n\n\n<p><strong>Bases legales incluyen:<\/strong><\/p>\n\n\n\n<ol start=\"1\" class=\"wp-block-list\">\n<li><strong>Consentimiento<\/strong>: Cuando el usuario de un sitio web o aplicaci\u00f3n acepta las reglas de la plataforma respecto al uso de sus datos.<\/li>\n\n\n\n<li><strong>Cumplimiento de Obligaciones Legales o Regulatorias<\/strong>:\n<ul class=\"wp-block-list\">\n<li>Por ejemplo, la Ley Federal N.\u00ba 12.965\/2014 requiere que los proveedores de aplicaciones de internet almacenen informaci\u00f3n como la fecha y hora de acceso y la direcci\u00f3n IP de origen durante seis meses.<\/li>\n<\/ul>\n<\/li>\n\n\n\n<li><strong>Ejecuci\u00f3n de un Contrato<\/strong>:\n<ul class=\"wp-block-list\">\n<li>Por ejemplo, cuando un sitio web o aplicaci\u00f3n vende un producto que debe ser entregado a la direcci\u00f3n del usuario, es necesario almacenar los datos de la transacci\u00f3n y de registro para cumplir con el contrato.<\/li>\n<\/ul>\n<\/li>\n\n\n\n<li><strong>Inter\u00e9s Leg\u00edtimo<\/strong>:\n<ul class=\"wp-block-list\">\n<li>Por ejemplo, el env\u00edo de marketing dirigido, siempre que se cumplan todos los requisitos de la LGPD.<\/li>\n<\/ul>\n<\/li>\n\n\n\n<li><strong>Ejercicio de Derechos en Procedimientos Legales<\/strong>:\n<ul class=\"wp-block-list\">\n<li>Por ejemplo, almacenar datos de transacciones comerciales hasta que expire el plazo de prescripci\u00f3n de cinco a\u00f1os seg\u00fan el C\u00f3digo de Defensa del Consumidor.<\/li>\n<\/ul>\n<\/li>\n\n\n\n<li><strong>Protecci\u00f3n de Cr\u00e9dito<\/strong>:\n<ul class=\"wp-block-list\">\n<li>Por ejemplo, cuando una instituci\u00f3n financiera utiliza los datos del usuario para realizar consultas en bur\u00f3s de cr\u00e9dito para prevenir incumplimientos.<\/li>\n<\/ul>\n<\/li>\n<\/ol>\n\n\n\n<p><strong>Consideraciones Especiales para Datos Sensibles:<\/strong><\/p>\n\n\n\n<p>Para los datos personales sensibles, esta pol\u00edtica de privacidad permite el tratamiento basado en:<\/p>\n\n\n\n<ul class=\"wp-block-list\">\n<li><strong>Consentimiento del titular<\/strong>;<\/li>\n\n\n\n<li>Cumplimiento de obligaciones legales o regulatorias;<\/li>\n\n\n\n<li><strong>Ejercicio de derechos en procedimientos legales, administrativos o arbitrales<\/strong>; y<\/li>\n\n\n\n<li><strong>Prevenci\u00f3n de fraudes y seguridad del usuario<\/strong> durante procesos de identificaci\u00f3n y autenticaci\u00f3n en sistemas electr\u00f3nicos, respetando los derechos del titular, excepto si prevalecen derechos fundamentales que exijan la protecci\u00f3n de los datos.<\/li>\n<\/ul>\n\n\n\n<p><strong>Sobre Datos de Ni\u00f1os y Adolescentes:<\/strong><\/p>\n\n\n\n<ul class=\"wp-block-list\">\n<li>Si se procesan datos de ni\u00f1os o adolescentes, la <strong>\u00fanica base legal v\u00e1lida<\/strong> es el <strong>consentimiento de los padres o tutores<\/strong>.<\/li>\n<\/ul>\n\n\n\n<h2 class=\"wp-block-heading\" style=\"font-size:25px\"><strong>3. Recolecci\u00f3n y Tratamiento de Datos Personales<\/strong><\/h2>\n\n\n\n<ul class=\"wp-block-list\">\n<li>Los datos personales incluyen informaci\u00f3n que permite identificar al Usuario, como nombre, empresa, industria, cargo, direcci\u00f3n, n\u00famero de tel\u00e9fono, correo electr\u00f3nico, entre otros.<br><\/li>\n\n\n\n<li><strong>Autorizaci\u00f3n para la Recolecci\u00f3n de Datos<\/strong>:<br><strong>AMINO<\/strong> recolecta datos personales \u00fanicamente despu\u00e9s de obtener la autorizaci\u00f3n previa del Usuario, manifestada a trav\u00e9s de un \u00abopt-in\u00bb expl\u00edcito en la pantalla inicial del sitio web de AMINO.\n<ul class=\"wp-block-list\">\n<li>Los datos se recolectan espec\u00edficamente para fines como:\n<ul class=\"wp-block-list\">\n<li>Creaci\u00f3n de contactos,<\/li>\n\n\n\n<li>Registro en boletines informativos,<\/li>\n\n\n\n<li>Encuestas, y<\/li>\n\n\n\n<li>Otros prop\u00f3sitos similares.<br><\/li>\n<\/ul>\n<\/li>\n<\/ul>\n<\/li>\n\n\n\n<li><strong>Acceso y Entrega del Bolet\u00edn Informativo<\/strong>:<br>Tambi\u00e9n se recolectan datos personales durante la entrega y el acceso al bolet\u00edn informativo y su contenido.\n<ul class=\"wp-block-list\">\n<li>Estos datos se utilizan exclusivamente para:\n<ul class=\"wp-block-list\">\n<li>Prop\u00f3sitos contractuales,<\/li>\n\n\n\n<li>Comunicaci\u00f3n individual,<\/li>\n\n\n\n<li>Gesti\u00f3n de consultas,<\/li>\n\n\n\n<li>Env\u00edo de informaci\u00f3n de productos,<\/li>\n\n\n\n<li>Personalizaci\u00f3n del contenido del bolet\u00edn, y<\/li>\n\n\n\n<li>Ofertas personalizadas.<br><\/li>\n<\/ul>\n<\/li>\n<\/ul>\n<\/li>\n\n\n\n<li><strong>Compartici\u00f3n de Datos<\/strong>:<br>Los datos personales se comparten \u00fanicamente con:\n<ul class=\"wp-block-list\">\n<li><strong>AMINO<\/strong>,<\/li>\n\n\n\n<li>Los <strong>agentes comerciales contratados por AMINO<\/strong>, o<\/li>\n\n\n\n<li>Seg\u00fan lo requerido por la legislaci\u00f3n vigente.<br><\/li>\n<\/ul>\n<\/li>\n\n\n\n<li><strong>Retenci\u00f3n y Eliminaci\u00f3n de Datos<\/strong>:<br>El almacenamiento y tratamiento de los datos se realiza hasta que el Usuario env\u00ede una <strong>solicitud de eliminaci\u00f3n<\/strong> al <strong>Responsable de Protecci\u00f3n de Datos (DPO)<\/strong> de AMINO. La solicitud ser\u00e1 revisada seg\u00fan lo dispuesto en la LGPD.<\/li>\n<\/ul>\n\n\n\n<p><strong>Cancelaci\u00f3n de Suscripciones y Solicitudes de Eliminaci\u00f3n<\/strong>:<\/p>\n\n\n\n<ul class=\"wp-block-list\">\n<li>El Usuario puede cancelar en cualquier momento su suscripci\u00f3n a:\n<ul class=\"wp-block-list\">\n<li>Boletines,<\/li>\n\n\n\n<li>Formularios de registro,<\/li>\n\n\n\n<li>Propuestas de servicios,<\/li>\n\n\n\n<li>Cotizaciones de precios, y<\/li>\n\n\n\n<li>Modalidades de productos, utilizando los enlaces correspondientes.<\/li>\n<\/ul>\n<\/li>\n<\/ul>\n\n\n\n<h2 class=\"wp-block-heading\" style=\"font-size:25px\"><strong>4. Bolet\u00edn Informativo<\/strong><\/h2>\n\n\n\n<ul class=\"wp-block-list\">\n<li>Para suscribirse al bolet\u00edn, formularios, propuestas de servicios, cotizaciones de precios y modalidades de productos, el Usuario debe:\n<ul class=\"wp-block-list\">\n<li>Proporcionar su direcci\u00f3n de correo electr\u00f3nico, y<\/li>\n\n\n\n<li>Confirmar la activaci\u00f3n del servicio de bolet\u00edn (opt-in).<\/li>\n<\/ul>\n<\/li>\n\n\n\n<li><strong>Proceso de Confirmaci\u00f3n<\/strong>:\n<ul class=\"wp-block-list\">\n<li>Esto garantiza que el Usuario es el propietario del correo electr\u00f3nico proporcionado y que acepta recibir respuestas relacionadas con su registro.<\/li>\n<\/ul>\n<\/li>\n\n\n\n<li><strong>Datos Opcionales<\/strong>:\n<ul class=\"wp-block-list\">\n<li>Informaci\u00f3n adicional como t\u00edtulo o nombre es opcional y se utiliza \u00fanicamente para personalizar los formularios disponibles en el sitio web de AMINO.<\/li>\n<\/ul>\n<\/li>\n\n\n\n<li><strong>Prop\u00f3sito de la Recolecci\u00f3n de Datos<\/strong>:\n<ul class=\"wp-block-list\">\n<li>Los datos se recopilan exclusivamente para responder a registros, solicitudes de cotizaci\u00f3n y boletines.<\/li>\n<\/ul>\n<\/li>\n\n\n\n<li><strong>Recolecci\u00f3n de Datos Estad\u00edsticos<\/strong>:\n<ul class=\"wp-block-list\">\n<li>Para mejorar el contenido y atractivo del bolet\u00edn, se recopilan datos estad\u00edsticos a trav\u00e9s del seguimiento de enlaces personalizados (por ejemplo, tasas de apertura, tasas de clics).<\/li>\n<\/ul>\n<\/li>\n\n\n\n<li><strong>No Compartici\u00f3n con Terceros<\/strong>:\n<ul class=\"wp-block-list\">\n<li>Los datos personales no se comparten con terceros. El Usuario puede cancelar la suscripci\u00f3n en cualquier momento utilizando el enlace indicado al final de cada bolet\u00edn.<\/li>\n<\/ul>\n<\/li>\n<\/ul>\n\n\n\n<h2 class=\"wp-block-heading\" style=\"font-size:25px\"><strong>5. Google Analytics<\/strong><\/h2>\n\n\n\n<ul class=\"wp-block-list\">\n<li>Este sitio utiliza <strong>Google Analytics<\/strong>, un servicio de an\u00e1lisis web proporcionado por Google Inc. (\u00abGoogle\u00bb).<\/li>\n\n\n\n<li>Google Analytics utiliza \u00abcookies,\u00bb que son archivos de texto almacenados en su computadora para analizar c\u00f3mo los usuarios interact\u00faan con el sitio web.<\/li>\n<\/ul>\n\n\n\n<p><strong>Recolecci\u00f3n y Tratamiento de Datos:<\/strong><\/p>\n\n\n\n<ul class=\"wp-block-list\">\n<li>La informaci\u00f3n recopilada a trav\u00e9s de las cookies sobre el uso del sitio generalmente se transmite y almacena en los servidores de Google en los Estados Unidos.<\/li>\n<\/ul>\n\n\n\n<p><strong>Anonimizaci\u00f3n de IP:<\/strong><\/p>\n\n\n\n<ul class=\"wp-block-list\">\n<li><strong>La anonimizaci\u00f3n de IP est\u00e1 activada en este sitio<\/strong>, lo que significa que:\n<ul class=\"wp-block-list\">\n<li>Google recorta su direcci\u00f3n IP dentro de los Estados miembros de la Uni\u00f3n Europea o en otros pa\u00edses que han firmado el acuerdo del Espacio Econ\u00f3mico Europeo.<\/li>\n\n\n\n<li>Solo en casos excepcionales se transmite la direcci\u00f3n IP completa a los servidores de Google en los Estados Unidos y se recorta all\u00ed.<\/li>\n<\/ul>\n<\/li>\n<\/ul>\n\n\n\n<p><strong>Prop\u00f3sito del Uso de los Datos:<\/strong><\/p>\n\n\n\n<ul class=\"wp-block-list\">\n<li>A solicitud del operador del sitio web, Google utiliza esta informaci\u00f3n para:\n<ul class=\"wp-block-list\">\n<li>Evaluar c\u00f3mo utiliza el sitio,<\/li>\n\n\n\n<li>Generar informes sobre la actividad del sitio web, y<\/li>\n\n\n\n<li>Proporcionar otros servicios relacionados con el uso del sitio web y de Internet al operador del sitio.<\/li>\n<\/ul>\n<\/li>\n<\/ul>\n\n\n\n<p><strong>Gesti\u00f3n de la Direcci\u00f3n IP:<\/strong><\/p>\n\n\n\n<ul class=\"wp-block-list\">\n<li>La direcci\u00f3n IP transmitida por su navegador a trav\u00e9s de Google Analytics no se combina con otros datos de Google.<\/li>\n<\/ul>\n\n\n\n<p><strong>Gesti\u00f3n de Cookies:<\/strong><\/p>\n\n\n\n<ul class=\"wp-block-list\">\n<li>Puede evitar que las cookies se almacenen en su computadora ajustando la configuraci\u00f3n de su navegador. Sin embargo, esto puede limitar la funcionalidad del sitio web.<\/li>\n\n\n\n<li>Adem\u00e1s, puede evitar la transmisi\u00f3n y procesamiento de datos generados por las cookies (incluida su direcci\u00f3n IP) descargando e instalando el complemento del navegador disponible en: http:\/\/tools.google.com\/dlpage\/gaoptout?hl=es.<\/li>\n<\/ul>\n\n\n\n<p><strong>Funciones de Publicidad de Google Analytics:<\/strong><\/p>\n\n\n\n<ul class=\"wp-block-list\">\n<li>Las funciones publicitarias de Google Analytics implementadas en este sitio incluyen informes de caracter\u00edsticas demogr\u00e1ficas e intereses.<\/li>\n\n\n\n<li>Se utilizan cookies de proveedores primarios (por ejemplo, Google Analytics) y cookies de terceros (por ejemplo, DoubleClick) para analizar de forma an\u00f3nima y agregada las caracter\u00edsticas demogr\u00e1ficas y los intereses t\u00edpicos de los visitantes del sitio web.<\/li>\n\n\n\n<li>Esta informaci\u00f3n se utiliza para mejorar nuestra oferta web.<\/li>\n\n\n\n<li>Los usuarios pueden desactivar las funciones publicitarias de Google Analytics en la configuraci\u00f3n de anuncios de Google: https:\/\/www.google.com\/ads\/preferences\/?hl=es.<\/li>\n<\/ul>\n\n\n\n<h2 class=\"wp-block-heading\" style=\"font-size:25px\"><strong>6. Informaci\u00f3n de Contacto<\/strong><\/h2>\n\n\n\n<p>Para preguntas adicionales sobre la pol\u00edtica de privacidad, recolecci\u00f3n de datos o uso de datos, comun\u00edquese con:<\/p>\n\n\n\n<ul class=\"wp-block-list\">\n<li><strong>AMINO QU\u00cdMICA LTDA.<\/strong><\/li>\n\n\n\n<li><strong>Responsable de Protecci\u00f3n de Datos (DPO): Eduardo Lins<\/strong><\/li>\n\n\n\n<li><strong>Correo Electr\u00f3nico<\/strong>: eduardo@linsebenedetto.com.br<\/li>\n<\/ul>\n\n\n\n<h2 class=\"wp-block-heading\" style=\"font-size:25px\"><strong>7. Derechos de Autor<\/strong><\/h2>\n\n\n\n<ul class=\"wp-block-list\">\n<li>Todos los textos, im\u00e1genes, gr\u00e1ficos, animaciones, videos, sonidos y dem\u00e1s contenidos de este sitio est\u00e1n protegidos por derechos de autor y son propiedad exclusiva de <strong>AMINO<\/strong>.<\/li>\n\n\n\n<li>Sin autorizaci\u00f3n previa por escrito de <strong>AMINO<\/strong>, el contenido de este sitio no puede ser:\n<ul class=\"wp-block-list\">\n<li>Copiado,<\/li>\n\n\n\n<li>Distribuido,<\/li>\n\n\n\n<li>Modificado, o<\/li>\n\n\n\n<li>Transmitido a terceros con fines comerciales.<\/li>\n<\/ul>\n<\/li>\n\n\n\n<li>Nota: Algunos derechos de autor de im\u00e1genes presentes en este sitio pueden pertenecer a terceros.<\/li>\n<\/ul>\n\n\n\n<h2 class=\"wp-block-heading\" style=\"font-size:25px\"><strong>8. Derechos de Marca<\/strong><\/h2>\n\n\n\n<ul class=\"wp-block-list\">\n<li>A menos que se especifique lo contrario, todas las marcas y s\u00edmbolos comerciales presentes en este sitio est\u00e1n protegidos por <strong>derechos de propiedad industrial (INPI)<\/strong>.<\/li>\n\n\n\n<li>Esto incluye, entre otros, marcas, nombres de productos, logotipos y emblemas.<\/li>\n<\/ul>\n\n\n\n<p style=\"font-size:25px\"><strong>9. Responsabilidad<\/strong><\/p>\n\n\n\n<ul class=\"wp-block-list\">\n<li>El contenido y la informaci\u00f3n proporcionada en este sitio han sido seleccionados cuidadosamente y se actualizan regularmente.<\/li>\n\n\n\n<li>Sin embargo, no se garantiza:\n<ul class=\"wp-block-list\">\n<li>La precisi\u00f3n,<\/li>\n\n\n\n<li>La ausencia de errores, o<\/li>\n\n\n\n<li>La actualidad de la informaci\u00f3n.<\/li>\n<\/ul>\n<\/li>\n\n\n\n<li><strong>Exclusi\u00f3n de Responsabilidad<\/strong>:\n<ul class=\"wp-block-list\">\n<li>Se excluye cualquier responsabilidad por da\u00f1os directos o indirectos derivados del uso de este sitio, a menos que sean causados por negligencia grave o conducta intencionada.<\/li>\n<\/ul>\n<\/li>\n\n\n\n<li><strong>AMINO<\/strong> se reserva el derecho de realizar cambios o adiciones sin previo aviso.<\/li>\n<\/ul>\n\n\n\n<p style=\"font-size:25px\"><strong>10. Enlaces<\/strong><\/p>\n\n\n\n<ul class=\"wp-block-list\">\n<li>Este sitio web contiene enlaces a sitios de terceros, cuyo contenido est\u00e1 fuera de nuestro control.<\/li>\n\n\n\n<li><strong>Descargo de Responsabilidad<\/strong>:\n<ul class=\"wp-block-list\">\n<li>No asumimos responsabilidad alguna por el contenido de sitios externos.<\/li>\n\n\n\n<li>La responsabilidad del contenido de los sitios enlazados recae en los respectivos proveedores u operadores.<\/li>\n<\/ul>\n<\/li>\n\n\n\n<li><strong>Verificaci\u00f3n de Contenidos<\/strong>:\n<ul class=\"wp-block-list\">\n<li>Los enlaces fueron revisados en el momento de su inclusi\u00f3n para garantizar la ausencia de violaciones legales, y no se identificaron contenidos ilegales en ese momento.<\/li>\n\n\n\n<li>Sin embargo, no es posible realizar un monitoreo constante de los contenidos enlazados sin evidencia concreta de infracciones legales.<\/li>\n<\/ul>\n<\/li>\n<\/ul>\n\n\n\n<p>Si llegamos a conocer infracciones legales, eliminaremos inmediatamente los enlaces afectados.<\/p>\n","protected":false},"excerpt":{"rendered":"<p>Pol\u00edtica de Privacidad Amino<\/p>\n","protected":false},"author":1,"featured_media":0,"parent":0,"menu_order":0,"comment_status":"closed","ping_status":"closed","template":"page-default.php","meta":{"_acf_changed":false,"footnotes":""},"categories":[],"tags":[],"class_list":["post-9139","page","type-page","status-publish","hentry"],"acf":[],"yoast_head":"<!-- This site is optimized with the Yoast SEO plugin v27.3 - https:\/\/yoast.com\/product\/yoast-seo-wordpress\/ -->\n<title>Pol\u00edtica de Privacidad - Amino<\/title>\n<meta name=\"robots\" content=\"noindex, nofollow\" \/>\n<meta property=\"og:locale\" content=\"es_ES\" \/>\n<meta property=\"og:type\" content=\"article\" \/>\n<meta property=\"og:title\" content=\"Pol\u00edtica de Privacidad - Amino\" \/>\n<meta property=\"og:description\" content=\"Pol\u00edtica de Privacidad Amino\" \/>\n<meta property=\"og:url\" content=\"https:\/\/www.amino.com.br\/es\/politica-de-privacidad\/\" \/>\n<meta property=\"og:site_name\" content=\"Amino\" \/>\n<meta property=\"article:modified_time\" content=\"2025-04-09T22:03:50+00:00\" \/>\n<meta name=\"twitter:card\" content=\"summary_large_image\" \/>\n<meta name=\"twitter:label1\" content=\"Tiempo de lectura\" \/>\n\t<meta name=\"twitter:data1\" content=\"10 minutos\" \/>\n<script type=\"application\/ld+json\" class=\"yoast-schema-graph\">{\"@context\":\"https:\\\/\\\/schema.org\",\"@graph\":[{\"@type\":\"WebPage\",\"@id\":\"https:\\\/\\\/www.amino.com.br\\\/es\\\/politica-de-privacidad\\\/\",\"url\":\"https:\\\/\\\/www.amino.com.br\\\/es\\\/politica-de-privacidad\\\/\",\"name\":\"Pol\u00edtica de Privacidad - Amino\",\"isPartOf\":{\"@id\":\"https:\\\/\\\/www.amino.com.br\\\/#website\"},\"datePublished\":\"2022-02-09T14:57:18+00:00\",\"dateModified\":\"2025-04-09T22:03:50+00:00\",\"inLanguage\":\"es\",\"potentialAction\":[{\"@type\":\"ReadAction\",\"target\":[\"https:\\\/\\\/www.amino.com.br\\\/es\\\/politica-de-privacidad\\\/\"]}]},{\"@type\":\"WebSite\",\"@id\":\"https:\\\/\\\/www.amino.com.br\\\/#website\",\"url\":\"https:\\\/\\\/www.amino.com.br\\\/\",\"name\":\"Amino\",\"description\":\"Ind\u00fastria Qu\u00edmica para Poliuretanos\",\"potentialAction\":[{\"@type\":\"SearchAction\",\"target\":{\"@type\":\"EntryPoint\",\"urlTemplate\":\"https:\\\/\\\/www.amino.com.br\\\/?s={search_term_string}\"},\"query-input\":{\"@type\":\"PropertyValueSpecification\",\"valueRequired\":true,\"valueName\":\"search_term_string\"}}],\"inLanguage\":\"es\"}]}<\/script>\n<!-- \/ Yoast SEO plugin. -->","yoast_head_json":{"title":"Pol\u00edtica de Privacidad - Amino","robots":{"index":"noindex","follow":"nofollow"},"og_locale":"es_ES","og_type":"article","og_title":"Pol\u00edtica de Privacidad - Amino","og_description":"Pol\u00edtica de Privacidad Amino","og_url":"https:\/\/www.amino.com.br\/es\/politica-de-privacidad\/","og_site_name":"Amino","article_modified_time":"2025-04-09T22:03:50+00:00","twitter_card":"summary_large_image","twitter_misc":{"Tiempo de lectura":"10 minutos"},"schema":{"@context":"https:\/\/schema.org","@graph":[{"@type":"WebPage","@id":"https:\/\/www.amino.com.br\/es\/politica-de-privacidad\/","url":"https:\/\/www.amino.com.br\/es\/politica-de-privacidad\/","name":"Pol\u00edtica de Privacidad - Amino","isPartOf":{"@id":"https:\/\/www.amino.com.br\/#website"},"datePublished":"2022-02-09T14:57:18+00:00","dateModified":"2025-04-09T22:03:50+00:00","inLanguage":"es","potentialAction":[{"@type":"ReadAction","target":["https:\/\/www.amino.com.br\/es\/politica-de-privacidad\/"]}]},{"@type":"WebSite","@id":"https:\/\/www.amino.com.br\/#website","url":"https:\/\/www.amino.com.br\/","name":"Amino","description":"Ind\u00fastria Qu\u00edmica para Poliuretanos","potentialAction":[{"@type":"SearchAction","target":{"@type":"EntryPoint","urlTemplate":"https:\/\/www.amino.com.br\/?s={search_term_string}"},"query-input":{"@type":"PropertyValueSpecification","valueRequired":true,"valueName":"search_term_string"}}],"inLanguage":"es"}]}},"_links":{"self":[{"href":"https:\/\/www.amino.com.br\/es\/wp-json\/wp\/v2\/pages\/9139","targetHints":{"allow":["GET"]}}],"collection":[{"href":"https:\/\/www.amino.com.br\/es\/wp-json\/wp\/v2\/pages"}],"about":[{"href":"https:\/\/www.amino.com.br\/es\/wp-json\/wp\/v2\/types\/page"}],"author":[{"embeddable":true,"href":"https:\/\/www.amino.com.br\/es\/wp-json\/wp\/v2\/users\/1"}],"replies":[{"embeddable":true,"href":"https:\/\/www.amino.com.br\/es\/wp-json\/wp\/v2\/comments?post=9139"}],"version-history":[{"count":7,"href":"https:\/\/www.amino.com.br\/es\/wp-json\/wp\/v2\/pages\/9139\/revisions"}],"predecessor-version":[{"id":10846,"href":"https:\/\/www.amino.com.br\/es\/wp-json\/wp\/v2\/pages\/9139\/revisions\/10846"}],"wp:attachment":[{"href":"https:\/\/www.amino.com.br\/es\/wp-json\/wp\/v2\/media?parent=9139"}],"wp:term":[{"taxonomy":"category","embeddable":true,"href":"https:\/\/www.amino.com.br\/es\/wp-json\/wp\/v2\/categories?post=9139"},{"taxonomy":"post_tag","embeddable":true,"href":"https:\/\/www.amino.com.br\/es\/wp-json\/wp\/v2\/tags?post=9139"}],"curies":[{"name":"wp","href":"https:\/\/api.w.org\/{rel}","templated":true}]}}