{"id":9040,"date":"2024-11-05T10:33:49","date_gmt":"2024-11-05T13:33:49","guid":{"rendered":"https:\/\/www.amino.com.br\/?page_id=9040"},"modified":"2025-02-06T21:50:14","modified_gmt":"2025-02-07T00:50:14","slug":"ebook-guia-definitiva-de-adhesivos-aglomerantes","status":"publish","type":"page","link":"https:\/\/www.amino.com.br\/es\/ebook-guia-definitiva-de-adhesivos-aglomerantes\/","title":{"rendered":"E-book Gu\u00eda Definitiva de Adhesivos Aglomerantes"},"content":{"rendered":"\n<p style=\"font-size:1.4rem\"><strong>Este libro electr\u00f3nico fue producido por expertos en clusters de Amin<\/strong><\/p>\n\n\n\n<p>En este material, exploraremos innovaciones y avances en el uso de adhesivos para encuadernaci\u00f3n. Este producto ha ganado cada vez m\u00e1s protagonismo en el mercado por lograr excelentes propiedades f\u00edsicas en diferentes tipos de sustratos. Esta versatilidad permite aplicarlo en diferentes segmentos, como colchones, muebles, construcci\u00f3n civil, vitivinicultura, agricultura y muchos otros.<\/p>\n\n\n\n<div style=\"height:20px\" aria-hidden=\"true\" class=\"wp-block-spacer\"><\/div>\n\n\n\n<script type=\"text\/javascript\" src=\"\/\/mautic.amino.com.br\/form\/generate.js?id=52\"><\/script>\n","protected":false},"excerpt":{"rendered":"<p>Este libro electr\u00f3nico fue producido por expertos en clusters de Amin En este material, exploraremos innovaciones y avances en el uso de adhesivos para encuadernaci\u00f3n. Este producto ha ganado cada vez m\u00e1s protagonismo en el mercado por lograr excelentes propiedades f\u00edsicas en diferentes tipos de sustratos. Esta versatilidad permite aplicarlo en diferentes segmentos, como colchones, [&hellip;]<\/p>\n","protected":false},"author":5,"featured_media":9053,"parent":0,"menu_order":0,"comment_status":"closed","ping_status":"closed","template":"page-ebook.php","meta":{"_acf_changed":false,"footnotes":""},"categories":[140],"tags":[],"class_list":["post-9040","page","type-page","status-publish","has-post-thumbnail","hentry","category-ebooks-es"],"acf":[],"yoast_head":"<!-- This site is optimized with the Yoast SEO plugin v27.3 - https:\/\/yoast.com\/product\/yoast-seo-wordpress\/ -->\n<title>E-book Gu\u00eda Definitiva de Adhesivos Aglomerantes - Amino<\/title>\n<meta name=\"robots\" content=\"index, follow, max-snippet:-1, max-image-preview:large, max-video-preview:-1\" \/>\n<link rel=\"canonical\" href=\"https:\/\/www.amino.com.br\/es\/ebook-guia-definitiva-de-adhesivos-aglomerantes\/\" \/>\n<meta property=\"og:locale\" content=\"es_ES\" \/>\n<meta property=\"og:type\" content=\"article\" \/>\n<meta property=\"og:title\" content=\"E-book Gu\u00eda Definitiva de Adhesivos Aglomerantes - Amino\" \/>\n<meta property=\"og:description\" content=\"Este libro electr\u00f3nico fue producido por expertos en clusters de Amin En este material, exploraremos innovaciones y avances en el uso de adhesivos para encuadernaci\u00f3n. Este producto ha ganado cada vez m\u00e1s protagonismo en el mercado por lograr excelentes propiedades f\u00edsicas en diferentes tipos de sustratos. Esta versatilidad permite aplicarlo en diferentes segmentos, como colchones, [&hellip;]\" \/>\n<meta property=\"og:url\" content=\"https:\/\/www.amino.com.br\/es\/ebook-guia-definitiva-de-adhesivos-aglomerantes\/\" \/>\n<meta property=\"og:site_name\" content=\"Amino\" \/>\n<meta property=\"article:modified_time\" content=\"2025-02-07T00:50:14+00:00\" \/>\n<meta property=\"og:image\" content=\"https:\/\/www.amino.com.br\/wp-content\/uploads\/2024\/11\/amino-mockup-capa-ebook.jpg\" \/>\n\t<meta property=\"og:image:width\" content=\"2244\" \/>\n\t<meta property=\"og:image:height\" content=\"2146\" \/>\n\t<meta property=\"og:image:type\" content=\"image\/jpeg\" \/>\n<meta name=\"twitter:card\" content=\"summary_large_image\" \/>\n<meta name=\"twitter:label1\" content=\"Tiempo de lectura\" \/>\n\t<meta name=\"twitter:data1\" content=\"1 minuto\" \/>\n<script type=\"application\/ld+json\" class=\"yoast-schema-graph\">{\"@context\":\"https:\\\/\\\/schema.org\",\"@graph\":[{\"@type\":\"WebPage\",\"@id\":\"https:\\\/\\\/www.amino.com.br\\\/es\\\/ebook-guia-definitiva-de-adhesivos-aglomerantes\\\/\",\"url\":\"https:\\\/\\\/www.amino.com.br\\\/es\\\/ebook-guia-definitiva-de-adhesivos-aglomerantes\\\/\",\"name\":\"E-book Gu\u00eda Definitiva de Adhesivos Aglomerantes - Amino\",\"isPartOf\":{\"@id\":\"https:\\\/\\\/www.amino.com.br\\\/es\\\/#website\"},\"primaryImageOfPage\":{\"@id\":\"https:\\\/\\\/www.amino.com.br\\\/es\\\/ebook-guia-definitiva-de-adhesivos-aglomerantes\\\/#primaryimage\"},\"image\":{\"@id\":\"https:\\\/\\\/www.amino.com.br\\\/es\\\/ebook-guia-definitiva-de-adhesivos-aglomerantes\\\/#primaryimage\"},\"thumbnailUrl\":\"https:\\\/\\\/www.amino.com.br\\\/wp-content\\\/uploads\\\/2024\\\/11\\\/amino-mockup-capa-ebook.jpg\",\"datePublished\":\"2024-11-05T13:33:49+00:00\",\"dateModified\":\"2025-02-07T00:50:14+00:00\",\"inLanguage\":\"es\",\"potentialAction\":[{\"@type\":\"ReadAction\",\"target\":[\"https:\\\/\\\/www.amino.com.br\\\/es\\\/ebook-guia-definitiva-de-adhesivos-aglomerantes\\\/\"]}]},{\"@type\":\"ImageObject\",\"inLanguage\":\"es\",\"@id\":\"https:\\\/\\\/www.amino.com.br\\\/es\\\/ebook-guia-definitiva-de-adhesivos-aglomerantes\\\/#primaryimage\",\"url\":\"https:\\\/\\\/www.amino.com.br\\\/wp-content\\\/uploads\\\/2024\\\/11\\\/amino-mockup-capa-ebook.jpg\",\"contentUrl\":\"https:\\\/\\\/www.amino.com.br\\\/wp-content\\\/uploads\\\/2024\\\/11\\\/amino-mockup-capa-ebook.jpg\",\"width\":2244,\"height\":2146},{\"@type\":\"WebSite\",\"@id\":\"https:\\\/\\\/www.amino.com.br\\\/es\\\/#website\",\"url\":\"https:\\\/\\\/www.amino.com.br\\\/es\\\/\",\"name\":\"Amino\",\"description\":\"Ind\u00fastria Qu\u00edmica para Poliuretanos\",\"potentialAction\":[{\"@type\":\"SearchAction\",\"target\":{\"@type\":\"EntryPoint\",\"urlTemplate\":\"https:\\\/\\\/www.amino.com.br\\\/es\\\/?s={search_term_string}\"},\"query-input\":{\"@type\":\"PropertyValueSpecification\",\"valueRequired\":true,\"valueName\":\"search_term_string\"}}],\"inLanguage\":\"es\"}]}<\/script>\n<!-- \/ Yoast SEO plugin. -->","yoast_head_json":{"title":"E-book Gu\u00eda Definitiva de Adhesivos Aglomerantes - Amino","robots":{"index":"index","follow":"follow","max-snippet":"max-snippet:-1","max-image-preview":"max-image-preview:large","max-video-preview":"max-video-preview:-1"},"canonical":"https:\/\/www.amino.com.br\/es\/ebook-guia-definitiva-de-adhesivos-aglomerantes\/","og_locale":"es_ES","og_type":"article","og_title":"E-book Gu\u00eda Definitiva de Adhesivos Aglomerantes - Amino","og_description":"Este libro electr\u00f3nico fue producido por expertos en clusters de Amin En este material, exploraremos innovaciones y avances en el uso de adhesivos para encuadernaci\u00f3n. Este producto ha ganado cada vez m\u00e1s protagonismo en el mercado por lograr excelentes propiedades f\u00edsicas en diferentes tipos de sustratos. Esta versatilidad permite aplicarlo en diferentes segmentos, como colchones, [&hellip;]","og_url":"https:\/\/www.amino.com.br\/es\/ebook-guia-definitiva-de-adhesivos-aglomerantes\/","og_site_name":"Amino","article_modified_time":"2025-02-07T00:50:14+00:00","og_image":[{"width":2244,"height":2146,"url":"https:\/\/www.amino.com.br\/wp-content\/uploads\/2024\/11\/amino-mockup-capa-ebook.jpg","type":"image\/jpeg"}],"twitter_card":"summary_large_image","twitter_misc":{"Tiempo de lectura":"1 minuto"},"schema":{"@context":"https:\/\/schema.org","@graph":[{"@type":"WebPage","@id":"https:\/\/www.amino.com.br\/es\/ebook-guia-definitiva-de-adhesivos-aglomerantes\/","url":"https:\/\/www.amino.com.br\/es\/ebook-guia-definitiva-de-adhesivos-aglomerantes\/","name":"E-book Gu\u00eda Definitiva de Adhesivos Aglomerantes - Amino","isPartOf":{"@id":"https:\/\/www.amino.com.br\/es\/#website"},"primaryImageOfPage":{"@id":"https:\/\/www.amino.com.br\/es\/ebook-guia-definitiva-de-adhesivos-aglomerantes\/#primaryimage"},"image":{"@id":"https:\/\/www.amino.com.br\/es\/ebook-guia-definitiva-de-adhesivos-aglomerantes\/#primaryimage"},"thumbnailUrl":"https:\/\/www.amino.com.br\/wp-content\/uploads\/2024\/11\/amino-mockup-capa-ebook.jpg","datePublished":"2024-11-05T13:33:49+00:00","dateModified":"2025-02-07T00:50:14+00:00","inLanguage":"es","potentialAction":[{"@type":"ReadAction","target":["https:\/\/www.amino.com.br\/es\/ebook-guia-definitiva-de-adhesivos-aglomerantes\/"]}]},{"@type":"ImageObject","inLanguage":"es","@id":"https:\/\/www.amino.com.br\/es\/ebook-guia-definitiva-de-adhesivos-aglomerantes\/#primaryimage","url":"https:\/\/www.amino.com.br\/wp-content\/uploads\/2024\/11\/amino-mockup-capa-ebook.jpg","contentUrl":"https:\/\/www.amino.com.br\/wp-content\/uploads\/2024\/11\/amino-mockup-capa-ebook.jpg","width":2244,"height":2146},{"@type":"WebSite","@id":"https:\/\/www.amino.com.br\/es\/#website","url":"https:\/\/www.amino.com.br\/es\/","name":"Amino","description":"Ind\u00fastria Qu\u00edmica para Poliuretanos","potentialAction":[{"@type":"SearchAction","target":{"@type":"EntryPoint","urlTemplate":"https:\/\/www.amino.com.br\/es\/?s={search_term_string}"},"query-input":{"@type":"PropertyValueSpecification","valueRequired":true,"valueName":"search_term_string"}}],"inLanguage":"es"}]}},"_links":{"self":[{"href":"https:\/\/www.amino.com.br\/es\/wp-json\/wp\/v2\/pages\/9040","targetHints":{"allow":["GET"]}}],"collection":[{"href":"https:\/\/www.amino.com.br\/es\/wp-json\/wp\/v2\/pages"}],"about":[{"href":"https:\/\/www.amino.com.br\/es\/wp-json\/wp\/v2\/types\/page"}],"author":[{"embeddable":true,"href":"https:\/\/www.amino.com.br\/es\/wp-json\/wp\/v2\/users\/5"}],"replies":[{"embeddable":true,"href":"https:\/\/www.amino.com.br\/es\/wp-json\/wp\/v2\/comments?post=9040"}],"version-history":[{"count":3,"href":"https:\/\/www.amino.com.br\/es\/wp-json\/wp\/v2\/pages\/9040\/revisions"}],"predecessor-version":[{"id":9129,"href":"https:\/\/www.amino.com.br\/es\/wp-json\/wp\/v2\/pages\/9040\/revisions\/9129"}],"wp:featuredmedia":[{"embeddable":true,"href":"https:\/\/www.amino.com.br\/es\/wp-json\/wp\/v2\/media\/9053"}],"wp:attachment":[{"href":"https:\/\/www.amino.com.br\/es\/wp-json\/wp\/v2\/media?parent=9040"}],"wp:term":[{"taxonomy":"category","embeddable":true,"href":"https:\/\/www.amino.com.br\/es\/wp-json\/wp\/v2\/categories?post=9040"},{"taxonomy":"post_tag","embeddable":true,"href":"https:\/\/www.amino.com.br\/es\/wp-json\/wp\/v2\/tags?post=9040"}],"curies":[{"name":"wp","href":"https:\/\/api.w.org\/{rel}","templated":true}]}}