{"id":8941,"date":"2024-10-03T10:48:12","date_gmt":"2024-10-03T13:48:12","guid":{"rendered":"https:\/\/www.amino.com.br\/?page_id=8941"},"modified":"2024-10-03T11:07:55","modified_gmt":"2024-10-03T14:07:55","slug":"terminos-de-uso","status":"publish","type":"page","link":"https:\/\/www.amino.com.br\/es\/terminos-de-uso\/","title":{"rendered":"T\u00e9rminos de Uso"},"content":{"rendered":"\n<h2 class=\"wp-block-heading\"><strong>Condiciones de uso<\/strong><\/h2>\n\n\n\n<p>El acceso y uso del sitio web est\u00e1n sujetos a las condiciones estipuladas en este documento. El acceso a nuestro sitio web significa que usted acepta las condiciones previamente estipuladas para su uso. Este sitio web fue desarrollado y es administrado por AMINO QU\u00cdMICA LTDA (AMINO). AMINO se reserva el derecho de retirar de circulaci\u00f3n o hacer modificaciones parciales o completas en este sitio o en los T\u00e9rminos y Condiciones sin previo aviso. Este sitio est\u00e1 destinado a mayores de 18 a\u00f1os.<\/p>\n\n\n\n<h2 class=\"wp-block-heading\"><strong>Permisos y Restricciones<\/strong><\/h2>\n\n\n\n<p>El Usuario acepta no utilizar ninguna parte del Sitio Web para ning\u00fan prop\u00f3sito sin la previa autorizaci\u00f3n de AMINO. El Usuario declara estar de acuerdo y consciente de la prohibici\u00f3n de no alterar ninguna parte del Sitio Web. El Usuario acepta no acceder al contenido del Sitio Web mediante ninguna tecnolog\u00eda que no sean las p\u00e1ginas del propio Sitio Web o por otro medio no autorizado por AMINO. El Usuario acepta no usar el Sitio Web para ning\u00fan otro fin comercial sin la autorizaci\u00f3n previa y expresa de AMINO. Entre los usos comerciales prohibidos se encuentran la reventa de acceso al Sitio Web con el fin de obtener ingresos por publicidad o suscripci\u00f3n, y cualquier otro uso que resulte en competencia o p\u00e9rdida de mercado para AMINO.<\/p>\n\n\n\n<h2 class=\"wp-block-heading\"><strong>Uso del contenido del sitio web<\/strong><\/h2>\n\n\n\n<p>El contenido, que incluye pero no se limita a textos, software, scripts, im\u00e1genes, fotos, sonidos, m\u00fasica, videos, caracter\u00edsticas interactivas, marcas registradas, marcas de servicio y logotipos contenidos en el mismo, es propiedad de AMINO o est\u00e1 licenciado o autorizado a AMINO o al Grupo AMINO, y est\u00e1 protegido por derechos de autor y leyes de propiedad industrial. El contenido no puede ser descargado, copiado, reproducido, distribuido, transmitido, mostrado, vendido, licenciado o explotado para ning\u00fan prop\u00f3sito sin el consentimiento previo de los propietarios respectivos. El Usuario acepta no copiar ni distribuir ninguna parte del contenido. El Usuario acepta no eludir, desactivar o interferir de cualquier manera con las caracter\u00edsticas relacionadas con la seguridad del Sitio Web o caracter\u00edsticas que impidan o restrinjan el uso o la copia de cualquier contenido, o que impongan limitaciones sobre el uso del Sitio Web o su contenido. El Usuario reconoce que es responsable de cualquier informaci\u00f3n falsa proporcionada en el uso de la herramienta, as\u00ed como de cualquier comentario o contenido insertado en el Sitio Web. El Usuario libera a AMINO de cualquier responsabilidad en cuanto a la veracidad de los datos personales proporcionados por \u00e9l en el uso de la herramienta, as\u00ed como de cualquier violaci\u00f3n de derechos de terceros ocurrida a trav\u00e9s de la herramienta en el Sitio Web resultante de sus declaraciones. Adem\u00e1s, el Usuario reconoce que estos T\u00e9rminos y Condiciones de Uso de la herramienta ofrecida por AMINO Brasil deben ser observados y fielmente cumplidos bajo pena de cancelaci\u00f3n o bloqueo del uso de la herramienta y otras medidas aplicables si se violan o no se cumplen los mencionados T\u00e9rminos.<\/p>\n\n\n\n<h2 class=\"wp-block-heading\"><strong>Limitati\u00f3n de responsabilidade<\/strong><\/h2>\n\n\n\n<p>En ninguna circunstancia AMINO, sus ejecutivos, directores, empleados o representantes legales ser\u00e1n responsables por cualquier da\u00f1o directo, indirecto, incidental resultante de: (i) errores, equivocaciones o inexactitudes del contenido; (ii) da\u00f1os personales o materiales de cualquier naturaleza resultantes del acceso, uso y suministro de informaci\u00f3n por parte del usuario en el sitio web; (iii) interrupciones o cesaciones de transmisi\u00f3n desde o hacia el sitio web; (iv) cualquier error, virus, ransomware, malware, spyware, troyanos o similares que puedan ser transmitidos hacia o a trav\u00e9s del sitio web por parte del usuario y\/o de terceros; (v) errores u omisiones en el contenido o p\u00e9rdida o da\u00f1o de cualquier naturaleza derivado del uso de cualquier contenido o correo electr\u00f3nico enviado, transmitido o de cualquier otra manera disponible a trav\u00e9s del sitio web, sea por aceptaci\u00f3n de los T\u00e9rminos de Uso, independientemente de si se advirti\u00f3 al Usuario sobre la posibilidad de tales da\u00f1os. El Usuario acepta que AMINO no ser\u00e1 responsable por cualquier conducta difamatoria, ofensiva o ilegal de terceros, y que el da\u00f1o resultante de dicha conducta recaer\u00e1 enteramente sobre el usuario. AMINO ha compilado la informaci\u00f3n detallada proporcionada en este sitio a partir de fuentes internas y externas con diligencia profesional. El \u00fanico prop\u00f3sito de la informaci\u00f3n contenida en el sitio es presentar AMINO y sus productos y servicios. Dado que existe la posibilidad de inexactitud o desactualizaci\u00f3n de la informaci\u00f3n publicada en el sitio, recomendamos que el usuario verifique cualquier informaci\u00f3n obtenida en el sitio antes de utilizarla de cualquier forma. AMINO puede cancelar cualquier registro de Usuario en cualquier momento y sin previo aviso tan pronto como tenga conocimiento, a su exclusivo criterio, de que el Usuario ha incumplido intencional o no intencionalmente estos T\u00e9rminos y Condiciones de Uso o ha violado leyes y regulaciones federales, estatales y\/o municipales, o ha violado principios legales, la moral y las buenas costumbres. Los Usuarios cuyos registros hayan sido cancelados no podr\u00e1n seguir utilizando la herramienta.<\/p>\n\n\n\n<h2 class=\"wp-block-heading\"><strong>Limitaci\u00f3n de responsabilidade<\/strong><\/h2>\n\n\n\n<p>Es importante destacar algunas reglas para la utilizaci\u00f3n del Sitio Web definidas por AMINO, y el Usuario se compromete a no utilizar la herramienta para la publicaci\u00f3n, creaci\u00f3n, almacenamiento y\/o difusi\u00f3n de:<\/p>\n\n\n\n<ol class=\"wp-block-list\">\n<li>Contenido abusivo como textos, fotos y\/o videos que sean difamatorios, discriminatorios, obscenos, ofensivos, amenazantes, abusivos, hostigadores, da\u00f1inos, que contengan expresiones de odio contra personas o grupos, o que contengan pornograf\u00eda infantil, pornograf\u00eda expl\u00edcita o violenta, contenido que pueda ser perjudicial para menores, insultos o amenazas basadas en la religi\u00f3n o la raza, o que fomenten da\u00f1os morales (incluidos los corporales) y patrimoniales, o que puedan violar los derechos de terceros, especialmente los derechos humanos;<\/li>\n\n\n\n<li>Para fines publicitarios y\/o cualquier tipo de comercio electr\u00f3nico que sea considerado il\u00edcito, como aquellos que son contrarios a la legislaci\u00f3n o que ofenden los derechos de terceros;<\/li>\n\n\n\n<li>Uso para otros perfiles de material (textos, fotos y\/o videos) protegido por derechos de autor o que, por cualquier motivo, violen los derechos de terceros;<\/li>\n\n\n\n<li>Difusi\u00f3n de informaci\u00f3n difamatoria y calumniosa o que sea contraria al honor, la intimidad personal y familiar o la imagen de las personas (incluidas las personas jur\u00eddicas, entidades y organizaciones);<\/li>\n\n\n\n<li>Uso de contenido relacionado con material que incite a la violencia y la criminalidad, as\u00ed como la pirater\u00eda de productos.<\/li>\n\n\n\n<li>El acceso y uso del Sitio Web no debe causar da\u00f1os (por ejemplo, extensiones y formatos de archivos) al sistema de AMINO Brasil.<\/li>\n<\/ol>\n\n\n\n<h2 class=\"wp-block-heading\"><strong>Derechos de propiedad intel<\/strong><\/h2>\n\n\n\n<p>AMINO respeta los derechos de propiedad intelectual de terceros y requiere que los Usuarios hagan lo mismo. Todos los derechos de propiedad sobre el material enviado por el Usuario siguen siendo de su propiedad, y su nombre ser\u00e1 citado siempre que el material sea utilizado por AMINO, como informado por el Usuario, excepto si el espacio o soporte f\u00edsico en el que aparezca no permite esa cita. El Usuario se compromete a cumplir con todas las leyes nacionales e internacionales relacionadas con los Derechos de Propiedad Intelectual.<\/p>\n\n\n\n<h2 class=\"wp-block-heading\"><strong>Protecci\u00f3n y privacidad de los datos personales (LGPD)<\/strong><\/h2>\n\n\n\n<p>AMINO no se hace responsable de los posibles da\u00f1os que el Usuario pueda sufrir como resultado de la divulgaci\u00f3n de los datos personales del Usuario o de terceros en materiales publicados en los comentarios. AMINO preserva la privacidad de los datos de los Usuarios en los t\u00e9rminos de la Ley 13709 de 14.08.2018 y se compromete a revelar los datos personales del Usuario solo por una de las siguientes razones:<\/p>\n\n\n\n<ol class=\"wp-block-list\">\n<li>Debido a la legislaci\u00f3n aplicable en cada caso espec\u00edfico;<\/li>\n\n\n\n<li>Mediante una orden o citaci\u00f3n de una autoridad, organismo o tribunal con jurisdicci\u00f3n competente;<\/li>\n\n\n\n<li>Para garantizar la seguridad de los sistemas, proteger los derechos y prevenir responsabilidades de AMINO.<\/li>\n<\/ol>\n\n\n\n<h2 class=\"wp-block-heading\"><strong>Disposiciones generales<\/strong><\/h2>\n\n\n\n<p>El Usuario acepta que: (i) la sede del sitio web ser\u00e1 considerada exclusivamente aquella ubicada en la ciudad de Diadema, Estado de S\u00e3o Paulo, Brasil; los T\u00e9rminos de Uso ser\u00e1n regidos por las leyes brasile\u00f1as, independientemente de los principios de conflictos de leyes. Cualquier reclamaci\u00f3n o controversia entre el usuario y AMINO derivada del uso del sitio web ser\u00e1 resuelta por un tribunal competente ubicado en la comarca de Jacare\u00ed, Estado de S\u00e3o Paulo, Brasil. Si alguna de las disposiciones de estos T\u00e9rminos de Uso se considera inv\u00e1lida por un tribunal competente, la invalidez de dicha disposici\u00f3n no afectar\u00e1 la validez de las dem\u00e1s, que seguir\u00e1n siendo plenamente v\u00e1lidas y en vigor.<\/p>\n\n\n\n<ul class=\"wp-block-list\">\n<li>AMINO QU\u00cdMICA LTDA.<\/li>\n\n\n\n<li>CNPJ\/MF bajo el n\u00ba 54.733.019\/0001-76<\/li>\n\n\n\n<li>Con direcci\u00f3n en Avenida Doutor Ulysses Guimar\u00e3es n\u00ba 3389, Vila Nogueira, Diadema, SP, CEP: 09990-080.<\/li>\n<\/ul>\n","protected":false},"excerpt":{"rendered":"<p>Condiciones de uso El acceso y uso del sitio web est\u00e1n sujetos a las condiciones estipuladas en este documento. El acceso a nuestro sitio web significa que usted acepta las condiciones previamente estipuladas para su uso. Este sitio web fue desarrollado y es administrado por AMINO QU\u00cdMICA LTDA (AMINO). AMINO se reserva el derecho de [&hellip;]<\/p>\n","protected":false},"author":1,"featured_media":0,"parent":0,"menu_order":0,"comment_status":"closed","ping_status":"closed","template":"page-default.php","meta":{"_acf_changed":false,"footnotes":""},"categories":[],"tags":[],"class_list":["post-8941","page","type-page","status-publish","hentry"],"acf":[],"yoast_head":"<!-- This site is optimized with the Yoast SEO plugin v27.1.1 - https:\/\/yoast.com\/product\/yoast-seo-wordpress\/ -->\n<title>T\u00e9rminos de Uso - Amino<\/title>\n<meta name=\"robots\" content=\"noindex, nofollow\" \/>\n<meta property=\"og:locale\" content=\"es_ES\" \/>\n<meta property=\"og:type\" content=\"article\" \/>\n<meta property=\"og:title\" content=\"T\u00e9rminos de Uso - Amino\" \/>\n<meta property=\"og:description\" content=\"Condiciones de uso El acceso y uso del sitio web est\u00e1n sujetos a las condiciones estipuladas en este documento. El acceso a nuestro sitio web significa que usted acepta las condiciones previamente estipuladas para su uso. Este sitio web fue desarrollado y es administrado por AMINO QU\u00cdMICA LTDA (AMINO). AMINO se reserva el derecho de [&hellip;]\" \/>\n<meta property=\"og:url\" content=\"https:\/\/www.amino.com.br\/es\/terminos-de-uso\/\" \/>\n<meta property=\"og:site_name\" content=\"Amino\" \/>\n<meta property=\"article:modified_time\" content=\"2024-10-03T14:07:55+00:00\" \/>\n<meta name=\"twitter:card\" content=\"summary_large_image\" \/>\n<meta name=\"twitter:label1\" content=\"Tiempo de lectura\" \/>\n\t<meta name=\"twitter:data1\" content=\"8 minutos\" \/>\n<script type=\"application\/ld+json\" class=\"yoast-schema-graph\">{\"@context\":\"https:\/\/schema.org\",\"@graph\":[{\"@type\":\"WebPage\",\"@id\":\"https:\/\/www.amino.com.br\/es\/terminos-de-uso\/\",\"url\":\"https:\/\/www.amino.com.br\/es\/terminos-de-uso\/\",\"name\":\"T\u00e9rminos de Uso - Amino\",\"isPartOf\":{\"@id\":\"https:\/\/www.amino.com.br\/es\/#website\"},\"datePublished\":\"2024-10-03T13:48:12+00:00\",\"dateModified\":\"2024-10-03T14:07:55+00:00\",\"inLanguage\":\"es\",\"potentialAction\":[{\"@type\":\"ReadAction\",\"target\":[\"https:\/\/www.amino.com.br\/es\/terminos-de-uso\/\"]}]},{\"@type\":\"WebSite\",\"@id\":\"https:\/\/www.amino.com.br\/es\/#website\",\"url\":\"https:\/\/www.amino.com.br\/es\/\",\"name\":\"Amino\",\"description\":\"Ind\u00fastria Qu\u00edmica para Poliuretanos\",\"potentialAction\":[{\"@type\":\"SearchAction\",\"target\":{\"@type\":\"EntryPoint\",\"urlTemplate\":\"https:\/\/www.amino.com.br\/es\/?s={search_term_string}\"},\"query-input\":{\"@type\":\"PropertyValueSpecification\",\"valueRequired\":true,\"valueName\":\"search_term_string\"}}],\"inLanguage\":\"es\"}]}<\/script>\n<!-- \/ Yoast SEO plugin. -->","yoast_head_json":{"title":"T\u00e9rminos de Uso - Amino","robots":{"index":"noindex","follow":"nofollow"},"og_locale":"es_ES","og_type":"article","og_title":"T\u00e9rminos de Uso - Amino","og_description":"Condiciones de uso El acceso y uso del sitio web est\u00e1n sujetos a las condiciones estipuladas en este documento. El acceso a nuestro sitio web significa que usted acepta las condiciones previamente estipuladas para su uso. Este sitio web fue desarrollado y es administrado por AMINO QU\u00cdMICA LTDA (AMINO). AMINO se reserva el derecho de [&hellip;]","og_url":"https:\/\/www.amino.com.br\/es\/terminos-de-uso\/","og_site_name":"Amino","article_modified_time":"2024-10-03T14:07:55+00:00","twitter_card":"summary_large_image","twitter_misc":{"Tiempo de lectura":"8 minutos"},"schema":{"@context":"https:\/\/schema.org","@graph":[{"@type":"WebPage","@id":"https:\/\/www.amino.com.br\/es\/terminos-de-uso\/","url":"https:\/\/www.amino.com.br\/es\/terminos-de-uso\/","name":"T\u00e9rminos de Uso - Amino","isPartOf":{"@id":"https:\/\/www.amino.com.br\/es\/#website"},"datePublished":"2024-10-03T13:48:12+00:00","dateModified":"2024-10-03T14:07:55+00:00","inLanguage":"es","potentialAction":[{"@type":"ReadAction","target":["https:\/\/www.amino.com.br\/es\/terminos-de-uso\/"]}]},{"@type":"WebSite","@id":"https:\/\/www.amino.com.br\/es\/#website","url":"https:\/\/www.amino.com.br\/es\/","name":"Amino","description":"Ind\u00fastria Qu\u00edmica para Poliuretanos","potentialAction":[{"@type":"SearchAction","target":{"@type":"EntryPoint","urlTemplate":"https:\/\/www.amino.com.br\/es\/?s={search_term_string}"},"query-input":{"@type":"PropertyValueSpecification","valueRequired":true,"valueName":"search_term_string"}}],"inLanguage":"es"}]}},"_links":{"self":[{"href":"https:\/\/www.amino.com.br\/es\/wp-json\/wp\/v2\/pages\/8941","targetHints":{"allow":["GET"]}}],"collection":[{"href":"https:\/\/www.amino.com.br\/es\/wp-json\/wp\/v2\/pages"}],"about":[{"href":"https:\/\/www.amino.com.br\/es\/wp-json\/wp\/v2\/types\/page"}],"author":[{"embeddable":true,"href":"https:\/\/www.amino.com.br\/es\/wp-json\/wp\/v2\/users\/1"}],"replies":[{"embeddable":true,"href":"https:\/\/www.amino.com.br\/es\/wp-json\/wp\/v2\/comments?post=8941"}],"version-history":[{"count":2,"href":"https:\/\/www.amino.com.br\/es\/wp-json\/wp\/v2\/pages\/8941\/revisions"}],"predecessor-version":[{"id":8948,"href":"https:\/\/www.amino.com.br\/es\/wp-json\/wp\/v2\/pages\/8941\/revisions\/8948"}],"wp:attachment":[{"href":"https:\/\/www.amino.com.br\/es\/wp-json\/wp\/v2\/media?parent=8941"}],"wp:term":[{"taxonomy":"category","embeddable":true,"href":"https:\/\/www.amino.com.br\/es\/wp-json\/wp\/v2\/categories?post=8941"},{"taxonomy":"post_tag","embeddable":true,"href":"https:\/\/www.amino.com.br\/es\/wp-json\/wp\/v2\/tags?post=8941"}],"curies":[{"name":"wp","href":"https:\/\/api.w.org\/{rel}","templated":true}]}}