{"id":8106,"date":"2022-09-08T19:17:49","date_gmt":"2022-09-08T22:17:49","guid":{"rendered":"https:\/\/elo.amino.com.br\/?page_id=8106"},"modified":"2025-02-06T21:58:50","modified_gmt":"2025-02-07T00:58:50","slug":"manual-de-espuma-rigida","status":"publish","type":"page","link":"https:\/\/www.amino.com.br\/es\/manual-de-espuma-rigida\/","title":{"rendered":"Manual de Espuma R\u00edgida"},"content":{"rendered":"\n<p style=\"font-size:1.4rem\"><strong>Este ebook ha sido elaborado por expertos en poliuretano de Amino.<\/strong><\/p>\n\n\n\n<p>Las espumas r\u00edgidas tienen excelentes propiedades mec\u00e1nicas debido a su excelente aislamiento t\u00e9rmico, con las siguientes caracter\u00edsticas: bajo coeficiente de conductividad t\u00e9rmica, resistencia a la compresi\u00f3n y bajo peso espec\u00edfico. Reg\u00edstrese y disfrute de los contenidos<\/p>\n\n\n\n<div style=\"height:20px\" aria-hidden=\"true\" class=\"wp-block-spacer\"><\/div>\n\n\n\n<script type=\"text\/javascript\" src=\"\/\/mautic.amino.com.br\/form\/generate.js?id=8\"><\/script>\n","protected":false},"excerpt":{"rendered":"<p>Este ebook ha sido elaborado por expertos en poliuretano de Amino. Las espumas r\u00edgidas tienen excelentes propiedades mec\u00e1nicas debido a su excelente aislamiento t\u00e9rmico, con las siguientes caracter\u00edsticas: bajo coeficiente de conductividad t\u00e9rmica, resistencia a la compresi\u00f3n y bajo peso espec\u00edfico. Reg\u00edstrese y disfrute de los contenidos<\/p>\n","protected":false},"author":1,"featured_media":9203,"parent":0,"menu_order":0,"comment_status":"closed","ping_status":"closed","template":"page-ebook.php","meta":{"_acf_changed":false,"footnotes":""},"categories":[140],"tags":[],"class_list":["post-8106","page","type-page","status-publish","has-post-thumbnail","hentry","category-ebooks-es"],"acf":[],"yoast_head":"<!-- This site is optimized with the Yoast SEO plugin v27.3 - https:\/\/yoast.com\/product\/yoast-seo-wordpress\/ -->\n<title>Manual de Espuma R\u00edgida - Amino<\/title>\n<meta name=\"robots\" content=\"index, follow, max-snippet:-1, max-image-preview:large, max-video-preview:-1\" \/>\n<link rel=\"canonical\" href=\"https:\/\/www.amino.com.br\/es\/manual-de-espuma-rigida\/\" \/>\n<meta property=\"og:locale\" content=\"es_ES\" \/>\n<meta property=\"og:type\" content=\"article\" \/>\n<meta property=\"og:title\" content=\"Manual de Espuma R\u00edgida - Amino\" \/>\n<meta property=\"og:description\" content=\"Este ebook ha sido elaborado por expertos en poliuretano de Amino. Las espumas r\u00edgidas tienen excelentes propiedades mec\u00e1nicas debido a su excelente aislamiento t\u00e9rmico, con las siguientes caracter\u00edsticas: bajo coeficiente de conductividad t\u00e9rmica, resistencia a la compresi\u00f3n y bajo peso espec\u00edfico. Reg\u00edstrese y disfrute de los contenidos\" \/>\n<meta property=\"og:url\" content=\"https:\/\/www.amino.com.br\/es\/manual-de-espuma-rigida\/\" \/>\n<meta property=\"og:site_name\" content=\"Amino\" \/>\n<meta property=\"article:modified_time\" content=\"2025-02-07T00:58:50+00:00\" \/>\n<meta property=\"og:image\" content=\"https:\/\/www.amino.com.br\/wp-content\/uploads\/2024\/11\/ebook-espumas-rigidas-amino-poliuretano-5.webp\" \/>\n\t<meta property=\"og:image:width\" content=\"1000\" \/>\n\t<meta property=\"og:image:height\" content=\"640\" \/>\n\t<meta property=\"og:image:type\" content=\"image\/webp\" \/>\n<meta name=\"twitter:card\" content=\"summary_large_image\" \/>\n<meta name=\"twitter:label1\" content=\"Tiempo de lectura\" \/>\n\t<meta name=\"twitter:data1\" content=\"1 minuto\" \/>\n<script type=\"application\/ld+json\" class=\"yoast-schema-graph\">{\"@context\":\"https:\\\/\\\/schema.org\",\"@graph\":[{\"@type\":\"WebPage\",\"@id\":\"https:\\\/\\\/www.amino.com.br\\\/es\\\/manual-de-espuma-rigida\\\/\",\"url\":\"https:\\\/\\\/www.amino.com.br\\\/es\\\/manual-de-espuma-rigida\\\/\",\"name\":\"Manual de Espuma R\u00edgida - Amino\",\"isPartOf\":{\"@id\":\"https:\\\/\\\/www.amino.com.br\\\/es\\\/#website\"},\"primaryImageOfPage\":{\"@id\":\"https:\\\/\\\/www.amino.com.br\\\/es\\\/manual-de-espuma-rigida\\\/#primaryimage\"},\"image\":{\"@id\":\"https:\\\/\\\/www.amino.com.br\\\/es\\\/manual-de-espuma-rigida\\\/#primaryimage\"},\"thumbnailUrl\":\"https:\\\/\\\/www.amino.com.br\\\/wp-content\\\/uploads\\\/2024\\\/11\\\/ebook-espumas-rigidas-amino-poliuretano-5.webp\",\"datePublished\":\"2022-09-08T22:17:49+00:00\",\"dateModified\":\"2025-02-07T00:58:50+00:00\",\"inLanguage\":\"es\",\"potentialAction\":[{\"@type\":\"ReadAction\",\"target\":[\"https:\\\/\\\/www.amino.com.br\\\/es\\\/manual-de-espuma-rigida\\\/\"]}]},{\"@type\":\"ImageObject\",\"inLanguage\":\"es\",\"@id\":\"https:\\\/\\\/www.amino.com.br\\\/es\\\/manual-de-espuma-rigida\\\/#primaryimage\",\"url\":\"https:\\\/\\\/www.amino.com.br\\\/wp-content\\\/uploads\\\/2024\\\/11\\\/ebook-espumas-rigidas-amino-poliuretano-5.webp\",\"contentUrl\":\"https:\\\/\\\/www.amino.com.br\\\/wp-content\\\/uploads\\\/2024\\\/11\\\/ebook-espumas-rigidas-amino-poliuretano-5.webp\",\"width\":1000,\"height\":640},{\"@type\":\"WebSite\",\"@id\":\"https:\\\/\\\/www.amino.com.br\\\/es\\\/#website\",\"url\":\"https:\\\/\\\/www.amino.com.br\\\/es\\\/\",\"name\":\"Amino\",\"description\":\"Ind\u00fastria Qu\u00edmica para Poliuretanos\",\"potentialAction\":[{\"@type\":\"SearchAction\",\"target\":{\"@type\":\"EntryPoint\",\"urlTemplate\":\"https:\\\/\\\/www.amino.com.br\\\/es\\\/?s={search_term_string}\"},\"query-input\":{\"@type\":\"PropertyValueSpecification\",\"valueRequired\":true,\"valueName\":\"search_term_string\"}}],\"inLanguage\":\"es\"}]}<\/script>\n<!-- \/ Yoast SEO plugin. -->","yoast_head_json":{"title":"Manual de Espuma R\u00edgida - Amino","robots":{"index":"index","follow":"follow","max-snippet":"max-snippet:-1","max-image-preview":"max-image-preview:large","max-video-preview":"max-video-preview:-1"},"canonical":"https:\/\/www.amino.com.br\/es\/manual-de-espuma-rigida\/","og_locale":"es_ES","og_type":"article","og_title":"Manual de Espuma R\u00edgida - Amino","og_description":"Este ebook ha sido elaborado por expertos en poliuretano de Amino. Las espumas r\u00edgidas tienen excelentes propiedades mec\u00e1nicas debido a su excelente aislamiento t\u00e9rmico, con las siguientes caracter\u00edsticas: bajo coeficiente de conductividad t\u00e9rmica, resistencia a la compresi\u00f3n y bajo peso espec\u00edfico. Reg\u00edstrese y disfrute de los contenidos","og_url":"https:\/\/www.amino.com.br\/es\/manual-de-espuma-rigida\/","og_site_name":"Amino","article_modified_time":"2025-02-07T00:58:50+00:00","og_image":[{"width":1000,"height":640,"url":"https:\/\/www.amino.com.br\/wp-content\/uploads\/2024\/11\/ebook-espumas-rigidas-amino-poliuretano-5.webp","type":"image\/webp"}],"twitter_card":"summary_large_image","twitter_misc":{"Tiempo de lectura":"1 minuto"},"schema":{"@context":"https:\/\/schema.org","@graph":[{"@type":"WebPage","@id":"https:\/\/www.amino.com.br\/es\/manual-de-espuma-rigida\/","url":"https:\/\/www.amino.com.br\/es\/manual-de-espuma-rigida\/","name":"Manual de Espuma R\u00edgida - Amino","isPartOf":{"@id":"https:\/\/www.amino.com.br\/es\/#website"},"primaryImageOfPage":{"@id":"https:\/\/www.amino.com.br\/es\/manual-de-espuma-rigida\/#primaryimage"},"image":{"@id":"https:\/\/www.amino.com.br\/es\/manual-de-espuma-rigida\/#primaryimage"},"thumbnailUrl":"https:\/\/www.amino.com.br\/wp-content\/uploads\/2024\/11\/ebook-espumas-rigidas-amino-poliuretano-5.webp","datePublished":"2022-09-08T22:17:49+00:00","dateModified":"2025-02-07T00:58:50+00:00","inLanguage":"es","potentialAction":[{"@type":"ReadAction","target":["https:\/\/www.amino.com.br\/es\/manual-de-espuma-rigida\/"]}]},{"@type":"ImageObject","inLanguage":"es","@id":"https:\/\/www.amino.com.br\/es\/manual-de-espuma-rigida\/#primaryimage","url":"https:\/\/www.amino.com.br\/wp-content\/uploads\/2024\/11\/ebook-espumas-rigidas-amino-poliuretano-5.webp","contentUrl":"https:\/\/www.amino.com.br\/wp-content\/uploads\/2024\/11\/ebook-espumas-rigidas-amino-poliuretano-5.webp","width":1000,"height":640},{"@type":"WebSite","@id":"https:\/\/www.amino.com.br\/es\/#website","url":"https:\/\/www.amino.com.br\/es\/","name":"Amino","description":"Ind\u00fastria Qu\u00edmica para Poliuretanos","potentialAction":[{"@type":"SearchAction","target":{"@type":"EntryPoint","urlTemplate":"https:\/\/www.amino.com.br\/es\/?s={search_term_string}"},"query-input":{"@type":"PropertyValueSpecification","valueRequired":true,"valueName":"search_term_string"}}],"inLanguage":"es"}]}},"_links":{"self":[{"href":"https:\/\/www.amino.com.br\/es\/wp-json\/wp\/v2\/pages\/8106","targetHints":{"allow":["GET"]}}],"collection":[{"href":"https:\/\/www.amino.com.br\/es\/wp-json\/wp\/v2\/pages"}],"about":[{"href":"https:\/\/www.amino.com.br\/es\/wp-json\/wp\/v2\/types\/page"}],"author":[{"embeddable":true,"href":"https:\/\/www.amino.com.br\/es\/wp-json\/wp\/v2\/users\/1"}],"replies":[{"embeddable":true,"href":"https:\/\/www.amino.com.br\/es\/wp-json\/wp\/v2\/comments?post=8106"}],"version-history":[{"count":1,"href":"https:\/\/www.amino.com.br\/es\/wp-json\/wp\/v2\/pages\/8106\/revisions"}],"predecessor-version":[{"id":8107,"href":"https:\/\/www.amino.com.br\/es\/wp-json\/wp\/v2\/pages\/8106\/revisions\/8107"}],"wp:featuredmedia":[{"embeddable":true,"href":"https:\/\/www.amino.com.br\/es\/wp-json\/wp\/v2\/media\/9203"}],"wp:attachment":[{"href":"https:\/\/www.amino.com.br\/es\/wp-json\/wp\/v2\/media?parent=8106"}],"wp:term":[{"taxonomy":"category","embeddable":true,"href":"https:\/\/www.amino.com.br\/es\/wp-json\/wp\/v2\/categories?post=8106"},{"taxonomy":"post_tag","embeddable":true,"href":"https:\/\/www.amino.com.br\/es\/wp-json\/wp\/v2\/tags?post=8106"}],"curies":[{"name":"wp","href":"https:\/\/api.w.org\/{rel}","templated":true}]}}