{"id":8096,"date":"2022-09-08T19:33:25","date_gmt":"2022-09-08T22:33:25","guid":{"rendered":"https:\/\/elo.amino.com.br\/?page_id=8096"},"modified":"2025-02-06T21:50:20","modified_gmt":"2025-02-07T00:50:20","slug":"filtros-para-automoviles-ebook","status":"publish","type":"page","link":"https:\/\/www.amino.com.br\/es\/filtros-para-automoviles-ebook\/","title":{"rendered":"Filtros para Autom\u00f3viles Ebook"},"content":{"rendered":"\n<p style=\"font-size:1.4rem\"><strong>Este ebook ha sido elaborado por expertos en poliuretano de Amino.<\/strong><\/p>\n\n\n\n<p>Consejos para elegir a su proveedor en el proceso de producci\u00f3n de filtros. La fabricaci\u00f3n de filtros requiere una buena planificaci\u00f3n y eficacia en el momento de la ejecuci\u00f3n, para que el producto final tenga un alto \u00edndice de calidad y un excelente rendimiento. Reg\u00edstrese y disfrute de los contenidos<\/p>\n\n\n\n<div style=\"height:20px\" aria-hidden=\"true\" class=\"wp-block-spacer\"><\/div>\n\n\n\n<script type=\"text\/javascript\" src=\"\/\/mautic.amino.com.br\/form\/generate.js?id=6\"><\/script>\n","protected":false},"excerpt":{"rendered":"<p>Este ebook ha sido elaborado por expertos en poliuretano de Amino. Consejos para elegir a su proveedor en el proceso de producci\u00f3n de filtros. La fabricaci\u00f3n de filtros requiere una buena planificaci\u00f3n y eficacia en el momento de la ejecuci\u00f3n, para que el producto final tenga un alto \u00edndice de calidad y un excelente rendimiento. [&hellip;]<\/p>\n","protected":false},"author":1,"featured_media":8827,"parent":0,"menu_order":0,"comment_status":"closed","ping_status":"closed","template":"page-ebook.php","meta":{"_acf_changed":false,"footnotes":""},"categories":[140],"tags":[],"class_list":["post-8096","page","type-page","status-publish","has-post-thumbnail","hentry","category-ebooks-es"],"acf":[],"yoast_head":"<!-- This site is optimized with the Yoast SEO plugin v27.3 - https:\/\/yoast.com\/product\/yoast-seo-wordpress\/ -->\n<title>Filtros para Autom\u00f3viles Ebook - Amino<\/title>\n<meta name=\"robots\" content=\"index, follow, max-snippet:-1, max-image-preview:large, max-video-preview:-1\" \/>\n<link rel=\"canonical\" href=\"https:\/\/www.amino.com.br\/es\/filtros-para-automoviles-ebook\/\" \/>\n<meta property=\"og:locale\" content=\"es_ES\" \/>\n<meta property=\"og:type\" content=\"article\" \/>\n<meta property=\"og:title\" content=\"Filtros para Autom\u00f3viles Ebook - Amino\" \/>\n<meta property=\"og:description\" content=\"Este ebook ha sido elaborado por expertos en poliuretano de Amino. Consejos para elegir a su proveedor en el proceso de producci\u00f3n de filtros. La fabricaci\u00f3n de filtros requiere una buena planificaci\u00f3n y eficacia en el momento de la ejecuci\u00f3n, para que el producto final tenga un alto \u00edndice de calidad y un excelente rendimiento. [&hellip;]\" \/>\n<meta property=\"og:url\" content=\"https:\/\/www.amino.com.br\/es\/filtros-para-automoviles-ebook\/\" \/>\n<meta property=\"og:site_name\" content=\"Amino\" \/>\n<meta property=\"article:modified_time\" content=\"2025-02-07T00:50:20+00:00\" \/>\n<meta property=\"og:image\" content=\"https:\/\/www.amino.com.br\/wp-content\/uploads\/2024\/07\/ebook-amino-tecnologias-pu-filtros-automotivos.jpg\" \/>\n\t<meta property=\"og:image:width\" content=\"2500\" \/>\n\t<meta property=\"og:image:height\" content=\"1600\" \/>\n\t<meta property=\"og:image:type\" content=\"image\/jpeg\" \/>\n<meta name=\"twitter:card\" content=\"summary_large_image\" \/>\n<meta name=\"twitter:label1\" content=\"Tiempo de lectura\" \/>\n\t<meta name=\"twitter:data1\" content=\"1 minuto\" \/>\n<script type=\"application\/ld+json\" class=\"yoast-schema-graph\">{\"@context\":\"https:\\\/\\\/schema.org\",\"@graph\":[{\"@type\":\"WebPage\",\"@id\":\"https:\\\/\\\/www.amino.com.br\\\/es\\\/filtros-para-automoviles-ebook\\\/\",\"url\":\"https:\\\/\\\/www.amino.com.br\\\/es\\\/filtros-para-automoviles-ebook\\\/\",\"name\":\"Filtros para Autom\u00f3viles Ebook - Amino\",\"isPartOf\":{\"@id\":\"https:\\\/\\\/www.amino.com.br\\\/#website\"},\"primaryImageOfPage\":{\"@id\":\"https:\\\/\\\/www.amino.com.br\\\/es\\\/filtros-para-automoviles-ebook\\\/#primaryimage\"},\"image\":{\"@id\":\"https:\\\/\\\/www.amino.com.br\\\/es\\\/filtros-para-automoviles-ebook\\\/#primaryimage\"},\"thumbnailUrl\":\"https:\\\/\\\/www.amino.com.br\\\/wp-content\\\/uploads\\\/2024\\\/07\\\/ebook-amino-tecnologias-pu-filtros-automotivos.jpg\",\"datePublished\":\"2022-09-08T22:33:25+00:00\",\"dateModified\":\"2025-02-07T00:50:20+00:00\",\"inLanguage\":\"es\",\"potentialAction\":[{\"@type\":\"ReadAction\",\"target\":[\"https:\\\/\\\/www.amino.com.br\\\/es\\\/filtros-para-automoviles-ebook\\\/\"]}]},{\"@type\":\"ImageObject\",\"inLanguage\":\"es\",\"@id\":\"https:\\\/\\\/www.amino.com.br\\\/es\\\/filtros-para-automoviles-ebook\\\/#primaryimage\",\"url\":\"https:\\\/\\\/www.amino.com.br\\\/wp-content\\\/uploads\\\/2024\\\/07\\\/ebook-amino-tecnologias-pu-filtros-automotivos.jpg\",\"contentUrl\":\"https:\\\/\\\/www.amino.com.br\\\/wp-content\\\/uploads\\\/2024\\\/07\\\/ebook-amino-tecnologias-pu-filtros-automotivos.jpg\",\"width\":2500,\"height\":1600,\"caption\":\"Te\"},{\"@type\":\"WebSite\",\"@id\":\"https:\\\/\\\/www.amino.com.br\\\/#website\",\"url\":\"https:\\\/\\\/www.amino.com.br\\\/\",\"name\":\"Amino\",\"description\":\"Ind\u00fastria Qu\u00edmica para Poliuretanos\",\"potentialAction\":[{\"@type\":\"SearchAction\",\"target\":{\"@type\":\"EntryPoint\",\"urlTemplate\":\"https:\\\/\\\/www.amino.com.br\\\/?s={search_term_string}\"},\"query-input\":{\"@type\":\"PropertyValueSpecification\",\"valueRequired\":true,\"valueName\":\"search_term_string\"}}],\"inLanguage\":\"es\"}]}<\/script>\n<!-- \/ Yoast SEO plugin. -->","yoast_head_json":{"title":"Filtros para Autom\u00f3viles Ebook - Amino","robots":{"index":"index","follow":"follow","max-snippet":"max-snippet:-1","max-image-preview":"max-image-preview:large","max-video-preview":"max-video-preview:-1"},"canonical":"https:\/\/www.amino.com.br\/es\/filtros-para-automoviles-ebook\/","og_locale":"es_ES","og_type":"article","og_title":"Filtros para Autom\u00f3viles Ebook - Amino","og_description":"Este ebook ha sido elaborado por expertos en poliuretano de Amino. Consejos para elegir a su proveedor en el proceso de producci\u00f3n de filtros. La fabricaci\u00f3n de filtros requiere una buena planificaci\u00f3n y eficacia en el momento de la ejecuci\u00f3n, para que el producto final tenga un alto \u00edndice de calidad y un excelente rendimiento. [&hellip;]","og_url":"https:\/\/www.amino.com.br\/es\/filtros-para-automoviles-ebook\/","og_site_name":"Amino","article_modified_time":"2025-02-07T00:50:20+00:00","og_image":[{"width":2500,"height":1600,"url":"https:\/\/www.amino.com.br\/wp-content\/uploads\/2024\/07\/ebook-amino-tecnologias-pu-filtros-automotivos.jpg","type":"image\/jpeg"}],"twitter_card":"summary_large_image","twitter_misc":{"Tiempo de lectura":"1 minuto"},"schema":{"@context":"https:\/\/schema.org","@graph":[{"@type":"WebPage","@id":"https:\/\/www.amino.com.br\/es\/filtros-para-automoviles-ebook\/","url":"https:\/\/www.amino.com.br\/es\/filtros-para-automoviles-ebook\/","name":"Filtros para Autom\u00f3viles Ebook - Amino","isPartOf":{"@id":"https:\/\/www.amino.com.br\/#website"},"primaryImageOfPage":{"@id":"https:\/\/www.amino.com.br\/es\/filtros-para-automoviles-ebook\/#primaryimage"},"image":{"@id":"https:\/\/www.amino.com.br\/es\/filtros-para-automoviles-ebook\/#primaryimage"},"thumbnailUrl":"https:\/\/www.amino.com.br\/wp-content\/uploads\/2024\/07\/ebook-amino-tecnologias-pu-filtros-automotivos.jpg","datePublished":"2022-09-08T22:33:25+00:00","dateModified":"2025-02-07T00:50:20+00:00","inLanguage":"es","potentialAction":[{"@type":"ReadAction","target":["https:\/\/www.amino.com.br\/es\/filtros-para-automoviles-ebook\/"]}]},{"@type":"ImageObject","inLanguage":"es","@id":"https:\/\/www.amino.com.br\/es\/filtros-para-automoviles-ebook\/#primaryimage","url":"https:\/\/www.amino.com.br\/wp-content\/uploads\/2024\/07\/ebook-amino-tecnologias-pu-filtros-automotivos.jpg","contentUrl":"https:\/\/www.amino.com.br\/wp-content\/uploads\/2024\/07\/ebook-amino-tecnologias-pu-filtros-automotivos.jpg","width":2500,"height":1600,"caption":"Te"},{"@type":"WebSite","@id":"https:\/\/www.amino.com.br\/#website","url":"https:\/\/www.amino.com.br\/","name":"Amino","description":"Ind\u00fastria Qu\u00edmica para Poliuretanos","potentialAction":[{"@type":"SearchAction","target":{"@type":"EntryPoint","urlTemplate":"https:\/\/www.amino.com.br\/?s={search_term_string}"},"query-input":{"@type":"PropertyValueSpecification","valueRequired":true,"valueName":"search_term_string"}}],"inLanguage":"es"}]}},"_links":{"self":[{"href":"https:\/\/www.amino.com.br\/es\/wp-json\/wp\/v2\/pages\/8096","targetHints":{"allow":["GET"]}}],"collection":[{"href":"https:\/\/www.amino.com.br\/es\/wp-json\/wp\/v2\/pages"}],"about":[{"href":"https:\/\/www.amino.com.br\/es\/wp-json\/wp\/v2\/types\/page"}],"author":[{"embeddable":true,"href":"https:\/\/www.amino.com.br\/es\/wp-json\/wp\/v2\/users\/1"}],"replies":[{"embeddable":true,"href":"https:\/\/www.amino.com.br\/es\/wp-json\/wp\/v2\/comments?post=8096"}],"version-history":[{"count":2,"href":"https:\/\/www.amino.com.br\/es\/wp-json\/wp\/v2\/pages\/8096\/revisions"}],"predecessor-version":[{"id":8211,"href":"https:\/\/www.amino.com.br\/es\/wp-json\/wp\/v2\/pages\/8096\/revisions\/8211"}],"wp:featuredmedia":[{"embeddable":true,"href":"https:\/\/www.amino.com.br\/es\/wp-json\/wp\/v2\/media\/8827"}],"wp:attachment":[{"href":"https:\/\/www.amino.com.br\/es\/wp-json\/wp\/v2\/media?parent=8096"}],"wp:term":[{"taxonomy":"category","embeddable":true,"href":"https:\/\/www.amino.com.br\/es\/wp-json\/wp\/v2\/categories?post=8096"},{"taxonomy":"post_tag","embeddable":true,"href":"https:\/\/www.amino.com.br\/es\/wp-json\/wp\/v2\/tags?post=8096"}],"curies":[{"name":"wp","href":"https:\/\/api.w.org\/{rel}","templated":true}]}}