{"id":8082,"date":"2022-02-17T14:52:31","date_gmt":"2022-02-17T17:52:31","guid":{"rendered":"https:\/\/elo.amino.com.br\/?page_id=8082"},"modified":"2026-03-09T15:37:20","modified_gmt":"2026-03-09T18:37:20","slug":"sostenibilidad","status":"publish","type":"page","link":"https:\/\/www.amino.com.br\/es\/sostenibilidad\/","title":{"rendered":"Sostenibilidad"},"content":{"rendered":"\n\n<div class=\"bg-white\">\n\t<div class=\"row align-items-center justify-content-between\">\n\t  <div class=\"col-12 col-md-6\">\n\t  \t<div class=\"px-1 ps-md-11 pe-md-9\">\n\t\t\t<h6 class=\"text-primary fw-bold mb-3\">\n\t\t\t\t<span class=\"text-uppercase\">Responsabilidad medioambiental, social y empresarial  <\/span>\n\t\t\t<\/h6>\n\n\t\t\t<h2 class=\"fw-bold display-4\">\n\t\t\t\tCompromiso con las generaciones futuras\t\t\t<\/h2>\n\n\t\t\t<p class=\"fs-lg text-gray-700 mb-6\">\n\t\t\t\tComo industria qu\u00edmica, Amino es consciente de sus responsabilidades socioambientales, por eso somos parte del Pacto Mundial, una iniciativa de la ONU para empresas que adoptan principios en materia de derechos humanos y medio ambiente. Trabajamos para que todas nuestras acciones sigan estrictos est\u00e1ndares ESG, ya sea en el \u00e1rea de producci\u00f3n, con una l\u00ednea de productos orientada a la econom\u00eda circular, sustituci\u00f3n gradual de materias primas derivadas del petr\u00f3leo y participaci\u00f3n en el Programa Brasile\u00f1o de Eliminaci\u00f3n de HCFCs gases que da\u00f1an la capa de ozono, o con acciones sociales y de gobernanza, como el compromiso con el Movimiento Mente em Foco para promover la salud mental, y el compromiso con la transparencia corporativa.\t\t\t<\/p>\n\t\t<\/div>\n\t  <\/div>\n\n\t  <div class=\"col-12 col-md-6 bg-color bg-color-bottom position-relative\">\n\t\t\t<img loading=\"lazy\" decoding=\"async\" width=\"953\" height=\"831\" src=\"https:\/\/www.amino.com.br\/wp-content\/uploads\/2025\/06\/sustentabilidade-5.webp\" class=\"img-fluid rounded-start\" alt=\"sustentabilidade\" srcset=\"https:\/\/www.amino.com.br\/wp-content\/uploads\/2025\/06\/sustentabilidade-5.webp 953w, https:\/\/www.amino.com.br\/wp-content\/uploads\/2025\/06\/sustentabilidade-5-300x262.webp 300w, https:\/\/www.amino.com.br\/wp-content\/uploads\/2025\/06\/sustentabilidade-5-768x670.webp 768w\" sizes=\"auto, (max-width: 953px) 100vw, 953px\" \/>\t  <\/div>\n\t<\/div>\n<\/div>\n\n\n\n\n<div style=\"height:150px\" aria-hidden=\"true\" class=\"wp-block-spacer\"><\/div>\n\n\n\n<div class=\"wp-block-media-text alignwide is-stacked-on-mobile is-vertically-aligned-center is-image-fill-element has-background\" style=\"background-color:#05377c;grid-template-columns:56% auto\"><figure class=\"wp-block-media-text__media\"><img decoding=\"async\" src=\"https:\/\/www.amino.com.br\/wp-content\/uploads\/2022\/07\/esg-poliuretano-amino-1024x845.jpg\" alt=\"ESG Poliuretano Amino\" class=\"wp-image-5161 size-full\" style=\"object-position:50% 50%\"\/><\/figure><div class=\"wp-block-media-text__content\">\n<div style=\"height:100px\" aria-hidden=\"true\" class=\"wp-block-spacer\"><\/div>\n\n\n\n<h2 class=\"wp-block-heading fw-bold display-4 text-white has-text-color\" style=\"color:#000000\">Amino se une al Pacto Mundial de la ONU<\/h2>\n\n\n\n<p class=\"fs-lg text-muted mb-6 has-text-color\" style=\"color:#000000\">Iniciativa de las Naciones Unidas (ONU) para movilizar a la comunidad empresarial en la adopci\u00f3n y promoci\u00f3n, en sus pr\u00e1cticas empresariales, de los Diez Principios Universalmente Aceptados en las \u00e1reas de derechos humanos, trabajo, medio ambiente y anticorrupci\u00f3n.<\/p>\n\n\n\n<div class=\"wp-block-buttons is-layout-flex wp-block-buttons-is-layout-flex\">\n<div class=\"wp-block-button\"><a class=\"wp-block-button__link has-white-background-color has-text-color has-background has-link-color wp-element-button\" href=\"https:\/\/www.amino.com.br\/es\/blog\/pacto-global-onu\/\" style=\"color:#05377c\">Saber mas<\/a><\/div>\n<\/div>\n\n\n\n<div style=\"height:100px\" aria-hidden=\"true\" class=\"wp-block-spacer\"><\/div>\n<\/div><\/div>\n\n\n\n<div class=\"wp-block-columns are-vertically-aligned-center container-fluid px-lg-5 is-layout-flex wp-container-core-columns-is-layout-9d6595d7 wp-block-columns-is-layout-flex\">\n<div class=\"wp-block-column is-vertically-aligned-center is-layout-flow wp-block-column-is-layout-flow\">\n<figure class=\"wp-block-image size-large\"><img loading=\"lazy\" decoding=\"async\" width=\"1024\" height=\"576\" src=\"https:\/\/www.amino.com.br\/wp-content\/uploads\/2025\/06\/logo-low-c-1024x576.jpg\" alt=\"\" class=\"wp-image-11226\" srcset=\"https:\/\/www.amino.com.br\/wp-content\/uploads\/2025\/06\/logo-low-c-1024x576.jpg 1024w, https:\/\/www.amino.com.br\/wp-content\/uploads\/2025\/06\/logo-low-c-300x169.jpg 300w, https:\/\/www.amino.com.br\/wp-content\/uploads\/2025\/06\/logo-low-c-768x432.jpg 768w, https:\/\/www.amino.com.br\/wp-content\/uploads\/2025\/06\/logo-low-c-1536x864.jpg 1536w, https:\/\/www.amino.com.br\/wp-content\/uploads\/2025\/06\/logo-low-c.jpg 1920w\" sizes=\"auto, (max-width: 1024px) 100vw, 1024px\" \/><\/figure>\n<\/div>\n\n\n\n<div class=\"wp-block-column is-vertically-aligned-center is-layout-flow wp-block-column-is-layout-flow\">\n<div style=\"height:100px\" aria-hidden=\"true\" class=\"wp-block-spacer\"><\/div>\n\n\n\n<h2 class=\"wp-block-heading fw-bold display-4 has-text-color\" style=\"color:#000000\">Low C:&nbsp;Poliuretano con Baja Huella de Carbono<\/h2>\n\n\n\n<p class=\"fs-lg text-gray-700 mb-6 has-text-color\" style=\"color:#000000\">Low C significa \u201cLow Carbon\u201d (Bajo Carbono) y fue dise\u00f1ada como una alternativa a las formulaciones tradicionales 100\u202f% basadas en f\u00f3siles. Esta l\u00ednea presenta emisiones de CO\u2082 significativamente reducidas mediante el uso de materias primas renovables y procesos productivos ecoeficientes, con bajo contenido de carbono incorporado, reducci\u00f3n directa de emisiones a lo largo de toda la cadena de valor y una contribuci\u00f3n real hacia un futuro m\u00e1s sostenible.<\/p>\n\n\n\n<div class=\"wp-block-buttons is-layout-flex wp-block-buttons-is-layout-flex\">\n<div class=\"wp-block-button\"><a class=\"wp-block-button__link has-white-color has-text-color has-background wp-element-button\" href=\"https:\/\/pu.amino.com.br\/low-c-poliuretano-com-baixa-pegada-de-carbono-es\/\" style=\"background-color:#05377c\" target=\"_blank\" rel=\"noreferrer noopener\">Saber mas<\/a><\/div>\n<\/div>\n\n\n\n<div style=\"height:100px\" aria-hidden=\"true\" class=\"wp-block-spacer\"><\/div>\n<\/div>\n<\/div>\n\n\n\n<div class=\"wp-block-group alignwide\"><div class=\"wp-block-group__inner-container is-layout-constrained wp-block-group-is-layout-constrained\">\n<div class=\"wp-block-media-text alignwide has-media-on-the-right is-stacked-on-mobile is-vertically-aligned-center is-image-fill-element bg-light has-white-background-color has-background\" style=\"grid-template-columns:auto 56%\"><div class=\"wp-block-media-text__content\">\n<div style=\"height:100px\" aria-hidden=\"true\" class=\"wp-block-spacer\"><\/div>\n\n\n\n<figure class=\"wp-block-image size-large is-resized\"><img decoding=\"async\" src=\"https:\/\/www.amino.com.br\/wp-content\/uploads\/2023\/02\/movimento-mente-em-foco-1024x234.png\" alt=\"\" class=\"wp-image-7029\" style=\"width:293px;height:66px\"\/><\/figure>\n\n\n\n<div style=\"height:40px\" aria-hidden=\"true\" class=\"wp-block-spacer\"><\/div>\n\n\n\n<h2 class=\"wp-block-heading fw-bold display-4 has-text-color\" style=\"color:#000000\">Cuidar la salud mental es responsabilidad de todos<\/h2>\n\n\n\n<p class=\"fs-lg text-gray-700 mb-6 has-text-color\" style=\"color:#000000\">Amino es una empresa comprometida con el Movimiento Mente em Foco, una iniciativa de la Red Brasil del Pacto Mundial de las Naciones Unidas que tiene como objetivo llevar la salud mental a la agenda permanente de las organizaciones, invit\u00e1ndolas a actuar en beneficio de los empleados y de la sociedad. y combatir los prejuicios sociales y el tab\u00fa que a\u00fan existe sobre el tema.<\/p>\n\n\n\n<div style=\"height:100px\" aria-hidden=\"true\" class=\"wp-block-spacer\"><\/div>\n<\/div><figure class=\"wp-block-media-text__media\"><img decoding=\"async\" src=\"https:\/\/www.amino.com.br\/wp-content\/uploads\/2023\/02\/movimento-mente-em-foco-amino-1024x577.jpeg\" alt=\"movimento mente em foco amino\" class=\"wp-image-7052 size-full\" style=\"object-position:50% 50%\"\/><\/figure><\/div>\n<\/div><\/div>\n\n\n\n<div class=\"wp-block-media-text alignwide is-stacked-on-mobile is-vertically-aligned-center is-image-fill-element has-background\" style=\"background-color:#05377c;grid-template-columns:56% auto\"><figure class=\"wp-block-media-text__media\"><img decoding=\"async\" src=\"https:\/\/www.amino.com.br\/wp-content\/uploads\/2023\/11\/codigo-de-etica.png\" alt=\"\" class=\"wp-image-7625 size-full\" style=\"object-position:50% 50%\"\/><\/figure><div class=\"wp-block-media-text__content\">\n<div style=\"height:100px\" aria-hidden=\"true\" class=\"wp-block-spacer\"><\/div>\n\n\n\n<h6 class=\"wp-block-heading fw-bold text-white text-uppercase mb-3 has-text-color\" style=\"color:#000000\">Sostenibilidad para el futuro<\/h6>\n\n\n\n<h2 class=\"wp-block-heading fw-bold display-4 text-white has-text-color\" style=\"color:#000000\">Acciones bajo cada perspectiva ESG<\/h2>\n\n\n\n<p class=\"fs-lg text-muted mb-6 has-text-color\" style=\"color:#000000\">Con respecto al medio ambiente, Amino cuenta con productos libres de HCFC en sus formulaciones, sustituyendo sus sistemas por productos alternativos que contribuyen a la reducci\u00f3n de los gases agresivos liberados al medio ambiente, siguiendo las directrices del Protocolo de Montreal &#8211; Acuerdo entre las Naciones firmantes para reducir los HCFC que combaten la Capa de Ozono, a trav\u00e9s del Programa de las Naciones Unidas para el Desarrollo &#8211; PNUD. En materia social, Amino opera siguiendo los procedimientos del c\u00f3digo de conducta \u00e9tica y social.<\/p>\n\n\n\n<div style=\"height:100px\" aria-hidden=\"true\" class=\"wp-block-spacer\"><\/div>\n<\/div><\/div>\n\n\n\n<!-- SOLUTION -->\n\t<div class=\"py-10 pt-md-12\">\n\t\t<div class=\"container-fluid\">\n\t\t\t<div class=\"row justify-content-center\">\n\t\t\t\t<div class=\"col-12 col-md-10 text-center\">\n\t\t\t\t\t\n\t\t\t\t\t<div class=\"w-md-75 mx-auto\">\n\t\t\t\t\t\t<!-- Heading -->\n\t\t\t\t\t\t<h2 class=\"fw-bold display-4\">\n\t\t\t\t\t\t\tDesarrollo sostenible\t\t\t\t\t\t<\/h2>\n\n\t\t\t\t\t\t<!-- Text -->\n\t\t\t\t\t\t<p class=\"lead text-gray-700 mb-7 mb-md-9\">\n\t\t\t\t\t\t\tAmino profundiza en sus conocimientos, buscando siempre el equilibrio entre el crecimiento econ\u00f3mico y el desarrollo sostenible.  \t\t\t\t\t\t<\/p>\n\t\t\t\t\t<\/div>\n\n\t\t\t\t\t\n\t\t\t\t<\/div>\n\t\t\t<\/div>\n\n\t\t\t<div class=\"row\">\n\t\t\t\t<div class=\"col-12 col-md-6 mb-4\">\n\t\t\t\t\t\n\t\t\t\t\t<div class=\"d-flex\">\n\t\t\t\t\t\t<div class=\"badge badge-rounded-circle bg-primary-soft mt-1 me-4\">\n\t\t\t\t\t\t\t<i class=\"fe fe-check\"><\/i>\n\t\t\t\t\t\t<\/div>\n\t\t\t\t\t\t<p class=\"fs-sm\">\n\t\t\t\t\t\tSustituci\u00f3n gradual de las materias primas derivadas del petr\u00f3leo\t\t\t\t\t\t<\/p>\n\t\t\t\t\t<\/div>\n\n\n\t\t\t\t\t\n\t\t\t\t\t<div class=\"d-flex\">\n\t\t\t\t\t\t<div class=\"badge badge-rounded-circle bg-primary-soft mt-1 me-4\">\n\t\t\t\t\t\t\t<i class=\"fe fe-check\"><\/i>\n\t\t\t\t\t\t<\/div>\n\t\t\t\t\t\t<p class=\"fs-sm\">\n\t\t\t\t\t\tSustituci\u00f3n de productos con base de disolvente por productos con base de agua\t\t\t\t\t\t<\/p>\n\t\t\t\t\t<\/div>\n\n\n\t\t\t\t\t\n\t\t\t\t\t<div class=\"d-flex\">\n\t\t\t\t\t\t<div class=\"badge badge-rounded-circle bg-primary-soft mt-1 me-4\">\n\t\t\t\t\t\t\t<i class=\"fe fe-check\"><\/i>\n\t\t\t\t\t\t<\/div>\n\t\t\t\t\t\t<p class=\"fs-sm\">\n\t\t\t\t\t\tAumento en el uso o reemplazo de TDI con formulaciones basadas en MDI\t\t\t\t\t\t<\/p>\n\t\t\t\t\t<\/div>\n\n\n\t\t\t\t\t\n\t\t\t\t\t<div class=\"d-flex\">\n\t\t\t\t\t\t<div class=\"badge badge-rounded-circle bg-primary-soft mt-1 me-4\">\n\t\t\t\t\t\t\t<i class=\"fe fe-check\"><\/i>\n\t\t\t\t\t\t<\/div>\n\t\t\t\t\t\t<p class=\"fs-sm\">\n\t\t\t\t\t\tNo utilizar productos que contengan metales pesados\t\t\t\t\t\t<\/p>\n\t\t\t\t\t<\/div>\n\n\n\t\t\t\t\t\t\t\t\t<\/div>\n\n\t\t\t\t<div class=\"col-12 col-md-6 mb-4\">\n\t\t\t\t\t\n\t\t\t\t\t<div class=\"d-flex\">\n\t\t\t\t\t\t<div class=\"badge badge-rounded-circle bg-primary-soft mt-1 me-4\">\n\t\t\t\t\t\t\t<i class=\"fe fe-check\"><\/i>\n\t\t\t\t\t\t<\/div>\n\t\t\t\t\t\t<p class=\"fs-sm\">\n\t\t\t\t\t\tGesti\u00f3n del proceso para la perfecta eliminaci\u00f3n de los residuos industriales\t\t\t\t\t\t<\/p>\n\t\t\t\t\t<\/div>\n\n\n\t\t\t\t\t\n\t\t\t\t\t<div class=\"d-flex\">\n\t\t\t\t\t\t<div class=\"badge badge-rounded-circle bg-primary-soft mt-1 me-4\">\n\t\t\t\t\t\t\t<i class=\"fe fe-check\"><\/i>\n\t\t\t\t\t\t<\/div>\n\t\t\t\t\t\t<p class=\"fs-sm\">\n\t\t\t\t\t\tEntorno de trabajo adecuado para la calidad de vida y la seguridad de los empleados\t\t\t\t\t\t<\/p>\n\t\t\t\t\t<\/div>\n\n\n\t\t\t\t\t\n\t\t\t\t\t<div class=\"d-flex\">\n\t\t\t\t\t\t<div class=\"badge badge-rounded-circle bg-primary-soft mt-1 me-4\">\n\t\t\t\t\t\t\t<i class=\"fe fe-check\"><\/i>\n\t\t\t\t\t\t<\/div>\n\t\t\t\t\t\t<p class=\"fs-sm\">\n\t\t\t\t\t\tUso de embalaje retornable\t\t\t\t\t\t<\/p>\n\t\t\t\t\t<\/div>\n\n\n\t\t\t\t\t\n\t\t\t\t\t<div class=\"d-flex\">\n\t\t\t\t\t\t<div class=\"badge badge-rounded-circle bg-primary-soft mt-1 me-4\">\n\t\t\t\t\t\t\t<i class=\"fe fe-check\"><\/i>\n\t\t\t\t\t\t<\/div>\n\t\t\t\t\t\t<p class=\"fs-sm\">\n\t\t\t\t\t\tRecolecci\u00f3n de basura\t\t\t\t\t\t<\/p>\n\t\t\t\t\t<\/div>\n\n\n\t\t\t\t\t\t\t\t\t<\/div>\n\t\t\t<\/div>\n\t\t<\/div>\n\t<\/div>\n\n\n<div class=\"py-9 py-md-8 bg-primary\">\n\t<div class=\"container text-center d-md-flex align-items-center justify-content-center\">\n\t\t<h4 class=\"fw-bold text-white mb-6 mb-md-0\" style=\"font-size: 1.4rem;\">\n\t\tM\u00e1s informaci\u00f3n sobre las soluciones de poliuretano Amino<\/h4>\n\t\t<div>\n\t\t\t<a href=\"https:\/\/www.amino.com.br\/es\/contacto\/\" class=\"btn btn-white text-primary mx-5\">Contacto con nosotros<\/a>\n\t\t<\/div>\n\t<\/div>\n<\/div>\n\n","protected":false},"excerpt":{"rendered":"<p>Para Amino la sostenibilidad es un proceso continuo de convivencia, educaci\u00f3n, ciudadan\u00eda y preservaci\u00f3n del planeta.<\/p>\n","protected":false},"author":1,"featured_media":0,"parent":0,"menu_order":0,"comment_status":"closed","ping_status":"closed","template":"page-landing.php","meta":{"_acf_changed":false,"footnotes":""},"categories":[],"tags":[],"class_list":["post-8082","page","type-page","status-publish","hentry"],"acf":[],"yoast_head":"<!-- This site is optimized with the Yoast SEO plugin v27.3 - https:\/\/yoast.com\/product\/yoast-seo-wordpress\/ -->\n<title>Sostenibilidad - Amino<\/title>\n<meta name=\"robots\" content=\"index, follow, max-snippet:-1, max-image-preview:large, max-video-preview:-1\" \/>\n<link rel=\"canonical\" href=\"https:\/\/www.amino.com.br\/es\/sostenibilidad\/\" \/>\n<meta property=\"og:locale\" content=\"es_ES\" \/>\n<meta property=\"og:type\" content=\"article\" \/>\n<meta property=\"og:title\" content=\"Sostenibilidad - Amino\" \/>\n<meta property=\"og:description\" content=\"Para Amino la sostenibilidad es un proceso continuo de convivencia, educaci\u00f3n, ciudadan\u00eda y preservaci\u00f3n del planeta.\" \/>\n<meta property=\"og:url\" content=\"https:\/\/www.amino.com.br\/es\/sostenibilidad\/\" \/>\n<meta property=\"og:site_name\" content=\"Amino\" \/>\n<meta property=\"article:modified_time\" content=\"2026-03-09T18:37:20+00:00\" \/>\n<meta property=\"og:image\" content=\"https:\/\/www.amino.com.br\/wp-content\/uploads\/2022\/07\/esg-poliuretano-amino-1024x845.jpg\" \/>\n<meta name=\"twitter:card\" content=\"summary_large_image\" \/>\n<meta name=\"twitter:label1\" content=\"Tiempo de lectura\" \/>\n\t<meta name=\"twitter:data1\" content=\"5 minutos\" \/>\n<script type=\"application\/ld+json\" class=\"yoast-schema-graph\">{\"@context\":\"https:\\\/\\\/schema.org\",\"@graph\":[{\"@type\":\"WebPage\",\"@id\":\"https:\\\/\\\/www.amino.com.br\\\/es\\\/sostenibilidad\\\/\",\"url\":\"https:\\\/\\\/www.amino.com.br\\\/es\\\/sostenibilidad\\\/\",\"name\":\"Sostenibilidad - Amino\",\"isPartOf\":{\"@id\":\"https:\\\/\\\/www.amino.com.br\\\/#website\"},\"primaryImageOfPage\":{\"@id\":\"https:\\\/\\\/www.amino.com.br\\\/es\\\/sostenibilidad\\\/#primaryimage\"},\"image\":{\"@id\":\"https:\\\/\\\/www.amino.com.br\\\/es\\\/sostenibilidad\\\/#primaryimage\"},\"thumbnailUrl\":\"https:\\\/\\\/www.amino.com.br\\\/wp-content\\\/uploads\\\/2022\\\/07\\\/esg-poliuretano-amino-1024x845.jpg\",\"datePublished\":\"2022-02-17T17:52:31+00:00\",\"dateModified\":\"2026-03-09T18:37:20+00:00\",\"inLanguage\":\"es\",\"potentialAction\":[{\"@type\":\"ReadAction\",\"target\":[\"https:\\\/\\\/www.amino.com.br\\\/es\\\/sostenibilidad\\\/\"]}]},{\"@type\":\"ImageObject\",\"inLanguage\":\"es\",\"@id\":\"https:\\\/\\\/www.amino.com.br\\\/es\\\/sostenibilidad\\\/#primaryimage\",\"url\":\"https:\\\/\\\/www.amino.com.br\\\/wp-content\\\/uploads\\\/2022\\\/07\\\/esg-poliuretano-amino-1024x845.jpg\",\"contentUrl\":\"https:\\\/\\\/www.amino.com.br\\\/wp-content\\\/uploads\\\/2022\\\/07\\\/esg-poliuretano-amino-1024x845.jpg\"},{\"@type\":\"WebSite\",\"@id\":\"https:\\\/\\\/www.amino.com.br\\\/#website\",\"url\":\"https:\\\/\\\/www.amino.com.br\\\/\",\"name\":\"Amino\",\"description\":\"Ind\u00fastria Qu\u00edmica para Poliuretanos\",\"potentialAction\":[{\"@type\":\"SearchAction\",\"target\":{\"@type\":\"EntryPoint\",\"urlTemplate\":\"https:\\\/\\\/www.amino.com.br\\\/?s={search_term_string}\"},\"query-input\":{\"@type\":\"PropertyValueSpecification\",\"valueRequired\":true,\"valueName\":\"search_term_string\"}}],\"inLanguage\":\"es\"}]}<\/script>\n<!-- \/ Yoast SEO plugin. -->","yoast_head_json":{"title":"Sostenibilidad - Amino","robots":{"index":"index","follow":"follow","max-snippet":"max-snippet:-1","max-image-preview":"max-image-preview:large","max-video-preview":"max-video-preview:-1"},"canonical":"https:\/\/www.amino.com.br\/es\/sostenibilidad\/","og_locale":"es_ES","og_type":"article","og_title":"Sostenibilidad - Amino","og_description":"Para Amino la sostenibilidad es un proceso continuo de convivencia, educaci\u00f3n, ciudadan\u00eda y preservaci\u00f3n del planeta.","og_url":"https:\/\/www.amino.com.br\/es\/sostenibilidad\/","og_site_name":"Amino","article_modified_time":"2026-03-09T18:37:20+00:00","og_image":[{"url":"https:\/\/www.amino.com.br\/wp-content\/uploads\/2022\/07\/esg-poliuretano-amino-1024x845.jpg","type":"","width":"","height":""}],"twitter_card":"summary_large_image","twitter_misc":{"Tiempo de lectura":"5 minutos"},"schema":{"@context":"https:\/\/schema.org","@graph":[{"@type":"WebPage","@id":"https:\/\/www.amino.com.br\/es\/sostenibilidad\/","url":"https:\/\/www.amino.com.br\/es\/sostenibilidad\/","name":"Sostenibilidad - Amino","isPartOf":{"@id":"https:\/\/www.amino.com.br\/#website"},"primaryImageOfPage":{"@id":"https:\/\/www.amino.com.br\/es\/sostenibilidad\/#primaryimage"},"image":{"@id":"https:\/\/www.amino.com.br\/es\/sostenibilidad\/#primaryimage"},"thumbnailUrl":"https:\/\/www.amino.com.br\/wp-content\/uploads\/2022\/07\/esg-poliuretano-amino-1024x845.jpg","datePublished":"2022-02-17T17:52:31+00:00","dateModified":"2026-03-09T18:37:20+00:00","inLanguage":"es","potentialAction":[{"@type":"ReadAction","target":["https:\/\/www.amino.com.br\/es\/sostenibilidad\/"]}]},{"@type":"ImageObject","inLanguage":"es","@id":"https:\/\/www.amino.com.br\/es\/sostenibilidad\/#primaryimage","url":"https:\/\/www.amino.com.br\/wp-content\/uploads\/2022\/07\/esg-poliuretano-amino-1024x845.jpg","contentUrl":"https:\/\/www.amino.com.br\/wp-content\/uploads\/2022\/07\/esg-poliuretano-amino-1024x845.jpg"},{"@type":"WebSite","@id":"https:\/\/www.amino.com.br\/#website","url":"https:\/\/www.amino.com.br\/","name":"Amino","description":"Ind\u00fastria Qu\u00edmica para Poliuretanos","potentialAction":[{"@type":"SearchAction","target":{"@type":"EntryPoint","urlTemplate":"https:\/\/www.amino.com.br\/?s={search_term_string}"},"query-input":{"@type":"PropertyValueSpecification","valueRequired":true,"valueName":"search_term_string"}}],"inLanguage":"es"}]}},"_links":{"self":[{"href":"https:\/\/www.amino.com.br\/es\/wp-json\/wp\/v2\/pages\/8082","targetHints":{"allow":["GET"]}}],"collection":[{"href":"https:\/\/www.amino.com.br\/es\/wp-json\/wp\/v2\/pages"}],"about":[{"href":"https:\/\/www.amino.com.br\/es\/wp-json\/wp\/v2\/types\/page"}],"author":[{"embeddable":true,"href":"https:\/\/www.amino.com.br\/es\/wp-json\/wp\/v2\/users\/1"}],"replies":[{"embeddable":true,"href":"https:\/\/www.amino.com.br\/es\/wp-json\/wp\/v2\/comments?post=8082"}],"version-history":[{"count":8,"href":"https:\/\/www.amino.com.br\/es\/wp-json\/wp\/v2\/pages\/8082\/revisions"}],"predecessor-version":[{"id":13242,"href":"https:\/\/www.amino.com.br\/es\/wp-json\/wp\/v2\/pages\/8082\/revisions\/13242"}],"wp:attachment":[{"href":"https:\/\/www.amino.com.br\/es\/wp-json\/wp\/v2\/media?parent=8082"}],"wp:term":[{"taxonomy":"category","embeddable":true,"href":"https:\/\/www.amino.com.br\/es\/wp-json\/wp\/v2\/categories?post=8082"},{"taxonomy":"post_tag","embeddable":true,"href":"https:\/\/www.amino.com.br\/es\/wp-json\/wp\/v2\/tags?post=8082"}],"curies":[{"name":"wp","href":"https:\/\/api.w.org\/{rel}","templated":true}]}}