{"id":8067,"date":"2022-08-31T16:21:32","date_gmt":"2022-08-31T19:21:32","guid":{"rendered":"https:\/\/elo.amino.com.br\/?page_id=8067"},"modified":"2024-05-28T08:34:03","modified_gmt":"2024-05-28T11:34:03","slug":"politica-de-calidad-2","status":"publish","type":"page","link":"https:\/\/www.amino.com.br\/es\/politica-de-calidad-2\/","title":{"rendered":"Pol\u00edtica de calidad"},"content":{"rendered":"\n<h2 class=\"wp-block-heading\">Visi\u00f3n<\/h2>\n\n\n\n<p><strong>\u00bfC\u00f3mo queremos que se reconozca nuestra empresa?<\/strong><\/p>\n\n\n\n<p>Ser reconocido por su impecable reputaci\u00f3n y dominio del conocimiento, ofreciendo las mejores pr\u00e1cticas y soluciones con productos personalizados, construyendo una ventaja competitiva a trav\u00e9s de la innovaci\u00f3n y la sostenibilidad.<\/p>\n\n\n\n<hr class=\"wp-block-separator has-alpha-channel-opacity is-style-wide\"\/>\n\n\n\n<h2 class=\"wp-block-heading\">Valores<\/h2>\n\n\n\n<p><strong>\u00bfEn qu\u00e9 creemos? \u00bfEn qu\u00e9 nos basamos para decidir?<\/strong><\/p>\n\n\n\n<ul class=\"wp-block-list\">\n<li>Dominio del conocimiento<\/li>\n\n\n\n<li>Orientaci\u00f3n al cliente<\/li>\n\n\n\n<li>Verdad y transparencia<\/li>\n\n\n\n<li>Disciplina y atenci\u00f3n al detalle<\/li>\n\n\n\n<li>Autonom\u00eda con colaboraci\u00f3n<\/li>\n\n\n\n<li>Zeal<\/li>\n<\/ul>\n\n\n\n<hr class=\"wp-block-separator has-alpha-channel-opacity is-style-wide\"\/>\n\n\n\n<h2 class=\"wp-block-heading\">Pol\u00edtica de calidad<\/h2>\n\n\n\n<p><strong>Nuestra visi\u00f3n del futuro<\/strong><\/p>\n\n\n\n<p>Ser una industria qu\u00edmica de poliuretano especializada que opera en el mercado global, centr\u00e1ndose en las necesidades iniciales y continuas de los clientes y las partes interesadas pertinentes, buscando siempre la mejora de los productos y servicios, cumpliendo los requisitos aplicables y manteniendo y mejorando el sistema de gesti\u00f3n de la calidad.<\/p>\n","protected":false},"excerpt":{"rendered":"<p>Visi\u00f3n \u00bfC\u00f3mo queremos que se reconozca nuestra empresa? Ser reconocido por su impecable reputaci\u00f3n y dominio del conocimiento, ofreciendo las mejores pr\u00e1cticas y soluciones con productos personalizados, construyendo una ventaja competitiva a trav\u00e9s de la innovaci\u00f3n y la sostenibilidad. Valores \u00bfEn qu\u00e9 creemos? \u00bfEn qu\u00e9 nos basamos para decidir? Pol\u00edtica de calidad Nuestra visi\u00f3n del [&hellip;]<\/p>\n","protected":false},"author":1,"featured_media":0,"parent":0,"menu_order":0,"comment_status":"closed","ping_status":"closed","template":"page-default.php","meta":{"_acf_changed":false,"footnotes":""},"categories":[],"tags":[],"class_list":["post-8067","page","type-page","status-publish","hentry"],"acf":[],"yoast_head":"<!-- This site is optimized with the Yoast SEO plugin v27.3 - https:\/\/yoast.com\/product\/yoast-seo-wordpress\/ -->\n<title>Pol\u00edtica de calidad - Amino<\/title>\n<meta name=\"robots\" content=\"index, follow, max-snippet:-1, max-image-preview:large, max-video-preview:-1\" \/>\n<link rel=\"canonical\" href=\"https:\/\/www.amino.com.br\/es\/politica-de-calidad-2\/\" \/>\n<meta property=\"og:locale\" content=\"es_ES\" \/>\n<meta property=\"og:type\" content=\"article\" \/>\n<meta property=\"og:title\" content=\"Pol\u00edtica de calidad - Amino\" \/>\n<meta property=\"og:description\" content=\"Visi\u00f3n \u00bfC\u00f3mo queremos que se reconozca nuestra empresa? Ser reconocido por su impecable reputaci\u00f3n y dominio del conocimiento, ofreciendo las mejores pr\u00e1cticas y soluciones con productos personalizados, construyendo una ventaja competitiva a trav\u00e9s de la innovaci\u00f3n y la sostenibilidad. Valores \u00bfEn qu\u00e9 creemos? \u00bfEn qu\u00e9 nos basamos para decidir? Pol\u00edtica de calidad Nuestra visi\u00f3n del [&hellip;]\" \/>\n<meta property=\"og:url\" content=\"https:\/\/www.amino.com.br\/es\/politica-de-calidad-2\/\" \/>\n<meta property=\"og:site_name\" content=\"Amino\" \/>\n<meta property=\"article:modified_time\" content=\"2024-05-28T11:34:03+00:00\" \/>\n<meta name=\"twitter:card\" content=\"summary_large_image\" \/>\n<meta name=\"twitter:label1\" content=\"Tiempo de lectura\" \/>\n\t<meta name=\"twitter:data1\" content=\"1 minuto\" \/>\n<script type=\"application\/ld+json\" class=\"yoast-schema-graph\">{\"@context\":\"https:\\\/\\\/schema.org\",\"@graph\":[{\"@type\":\"WebPage\",\"@id\":\"https:\\\/\\\/www.amino.com.br\\\/es\\\/politica-de-calidad-2\\\/\",\"url\":\"https:\\\/\\\/www.amino.com.br\\\/es\\\/politica-de-calidad-2\\\/\",\"name\":\"Pol\u00edtica de calidad - Amino\",\"isPartOf\":{\"@id\":\"https:\\\/\\\/www.amino.com.br\\\/#website\"},\"datePublished\":\"2022-08-31T19:21:32+00:00\",\"dateModified\":\"2024-05-28T11:34:03+00:00\",\"inLanguage\":\"es\",\"potentialAction\":[{\"@type\":\"ReadAction\",\"target\":[\"https:\\\/\\\/www.amino.com.br\\\/es\\\/politica-de-calidad-2\\\/\"]}]},{\"@type\":\"WebSite\",\"@id\":\"https:\\\/\\\/www.amino.com.br\\\/#website\",\"url\":\"https:\\\/\\\/www.amino.com.br\\\/\",\"name\":\"Amino\",\"description\":\"Ind\u00fastria Qu\u00edmica para Poliuretanos\",\"potentialAction\":[{\"@type\":\"SearchAction\",\"target\":{\"@type\":\"EntryPoint\",\"urlTemplate\":\"https:\\\/\\\/www.amino.com.br\\\/?s={search_term_string}\"},\"query-input\":{\"@type\":\"PropertyValueSpecification\",\"valueRequired\":true,\"valueName\":\"search_term_string\"}}],\"inLanguage\":\"es\"}]}<\/script>\n<!-- \/ Yoast SEO plugin. -->","yoast_head_json":{"title":"Pol\u00edtica de calidad - Amino","robots":{"index":"index","follow":"follow","max-snippet":"max-snippet:-1","max-image-preview":"max-image-preview:large","max-video-preview":"max-video-preview:-1"},"canonical":"https:\/\/www.amino.com.br\/es\/politica-de-calidad-2\/","og_locale":"es_ES","og_type":"article","og_title":"Pol\u00edtica de calidad - Amino","og_description":"Visi\u00f3n \u00bfC\u00f3mo queremos que se reconozca nuestra empresa? Ser reconocido por su impecable reputaci\u00f3n y dominio del conocimiento, ofreciendo las mejores pr\u00e1cticas y soluciones con productos personalizados, construyendo una ventaja competitiva a trav\u00e9s de la innovaci\u00f3n y la sostenibilidad. Valores \u00bfEn qu\u00e9 creemos? \u00bfEn qu\u00e9 nos basamos para decidir? Pol\u00edtica de calidad Nuestra visi\u00f3n del [&hellip;]","og_url":"https:\/\/www.amino.com.br\/es\/politica-de-calidad-2\/","og_site_name":"Amino","article_modified_time":"2024-05-28T11:34:03+00:00","twitter_card":"summary_large_image","twitter_misc":{"Tiempo de lectura":"1 minuto"},"schema":{"@context":"https:\/\/schema.org","@graph":[{"@type":"WebPage","@id":"https:\/\/www.amino.com.br\/es\/politica-de-calidad-2\/","url":"https:\/\/www.amino.com.br\/es\/politica-de-calidad-2\/","name":"Pol\u00edtica de calidad - Amino","isPartOf":{"@id":"https:\/\/www.amino.com.br\/#website"},"datePublished":"2022-08-31T19:21:32+00:00","dateModified":"2024-05-28T11:34:03+00:00","inLanguage":"es","potentialAction":[{"@type":"ReadAction","target":["https:\/\/www.amino.com.br\/es\/politica-de-calidad-2\/"]}]},{"@type":"WebSite","@id":"https:\/\/www.amino.com.br\/#website","url":"https:\/\/www.amino.com.br\/","name":"Amino","description":"Ind\u00fastria Qu\u00edmica para Poliuretanos","potentialAction":[{"@type":"SearchAction","target":{"@type":"EntryPoint","urlTemplate":"https:\/\/www.amino.com.br\/?s={search_term_string}"},"query-input":{"@type":"PropertyValueSpecification","valueRequired":true,"valueName":"search_term_string"}}],"inLanguage":"es"}]}},"_links":{"self":[{"href":"https:\/\/www.amino.com.br\/es\/wp-json\/wp\/v2\/pages\/8067","targetHints":{"allow":["GET"]}}],"collection":[{"href":"https:\/\/www.amino.com.br\/es\/wp-json\/wp\/v2\/pages"}],"about":[{"href":"https:\/\/www.amino.com.br\/es\/wp-json\/wp\/v2\/types\/page"}],"author":[{"embeddable":true,"href":"https:\/\/www.amino.com.br\/es\/wp-json\/wp\/v2\/users\/1"}],"replies":[{"embeddable":true,"href":"https:\/\/www.amino.com.br\/es\/wp-json\/wp\/v2\/comments?post=8067"}],"version-history":[{"count":1,"href":"https:\/\/www.amino.com.br\/es\/wp-json\/wp\/v2\/pages\/8067\/revisions"}],"predecessor-version":[{"id":8068,"href":"https:\/\/www.amino.com.br\/es\/wp-json\/wp\/v2\/pages\/8067\/revisions\/8068"}],"wp:attachment":[{"href":"https:\/\/www.amino.com.br\/es\/wp-json\/wp\/v2\/media?parent=8067"}],"wp:term":[{"taxonomy":"category","embeddable":true,"href":"https:\/\/www.amino.com.br\/es\/wp-json\/wp\/v2\/categories?post=8067"},{"taxonomy":"post_tag","embeddable":true,"href":"https:\/\/www.amino.com.br\/es\/wp-json\/wp\/v2\/tags?post=8067"}],"curies":[{"name":"wp","href":"https:\/\/api.w.org\/{rel}","templated":true}]}}