{"id":13737,"date":"2026-03-23T16:44:28","date_gmt":"2026-03-23T19:44:28","guid":{"rendered":"https:\/\/www.amino.com.br\/?page_id=13737"},"modified":"2026-03-23T17:05:35","modified_gmt":"2026-03-23T20:05:35","slug":"soporte-tecnico","status":"publish","type":"page","link":"https:\/\/www.amino.com.br\/es\/soporte-tecnico\/","title":{"rendered":"Soporte t\u00e9cnico"},"content":{"rendered":"\n<div class=\"wp-block-columns is-layout-flex wp-container-core-columns-is-layout-9d6595d7 wp-block-columns-is-layout-flex\">\n<div class=\"wp-block-column is-layout-flow wp-block-column-is-layout-flow\" style=\"flex-basis:55%\">\n<h6 class=\"fw-bold text-uppercase text-primary mb-4\">Contacte con el soporte de Amino<\/h6>\n\n<div class=\"form-assistente-virtual cf7-form\">\n\n<div class=\"wpcf7 no-js\" id=\"wpcf7-f13756-o1\" lang=\"es-ES\" dir=\"ltr\" data-wpcf7-id=\"13756\">\n<div class=\"screen-reader-response\"><p role=\"status\" aria-live=\"polite\" aria-atomic=\"true\"><\/p> <ul><\/ul><\/div>\n<form action=\"\/es\/wp-json\/wp\/v2\/pages\/13737#wpcf7-f13756-o1\" method=\"post\" class=\"wpcf7-form init\" id=\"contact-es-contato\" aria-label=\"Formulario de contacto\" novalidate=\"novalidate\" data-status=\"init\">\n<fieldset class=\"hidden-fields-container\"><input type=\"hidden\" name=\"_wpcf7\" value=\"13756\" \/><input type=\"hidden\" name=\"_wpcf7_version\" value=\"6.1.5\" \/><input type=\"hidden\" name=\"_wpcf7_locale\" value=\"es_ES\" \/><input type=\"hidden\" name=\"_wpcf7_unit_tag\" value=\"wpcf7-f13756-o1\" \/><input type=\"hidden\" name=\"_wpcf7_container_post\" value=\"0\" \/><input type=\"hidden\" name=\"_wpcf7_posted_data_hash\" value=\"\" \/><input type=\"hidden\" name=\"_wpcf7_recaptcha_response\" value=\"\" \/>\n<\/fieldset>\n<p><span class=\"wpcf7-form-control-wrap\" data-name=\"nombre-completo\"><input size=\"40\" maxlength=\"400\" class=\"wpcf7-form-control wpcf7-text wpcf7-validates-as-required form-control\" aria-required=\"true\" aria-invalid=\"false\" placeholder=\"Nombre Completo\" value=\"\" type=\"text\" name=\"nombre-completo\" \/><\/span>\n<\/p>\n<p><span class=\"wpcf7-form-control-wrap\" data-name=\"email\"><input size=\"40\" maxlength=\"400\" class=\"wpcf7-form-control wpcf7-email wpcf7-validates-as-required wpcf7-text wpcf7-validates-as-email form-control\" autocomplete=\"email\" aria-required=\"true\" aria-invalid=\"false\" placeholder=\"Correo electr\u00f3nico\" value=\"\" type=\"email\" name=\"email\" \/><\/span>\n<\/p>\n<p><span class=\"wpcf7-form-control-wrap\" data-name=\"telefono\"><input size=\"40\" maxlength=\"400\" class=\"wpcf7-form-control wpcf7-tel wpcf7-validates-as-required wpcf7-text wpcf7-validates-as-tel form-control\" autocomplete=\"tel\" aria-required=\"true\" aria-invalid=\"false\" placeholder=\"C\u00f3digo de \u00e1rea + Tel\u00e9fono\" value=\"\" type=\"tel\" name=\"telefono\" \/><\/span>\n<\/p>\n<p><span class=\"wpcf7-form-control-wrap\" data-name=\"pais\"><input size=\"40\" maxlength=\"400\" class=\"wpcf7-form-control wpcf7-text wpcf7-validates-as-required form-control\" aria-required=\"true\" aria-invalid=\"false\" placeholder=\"Pa\u00eds\" value=\"\" type=\"text\" name=\"pais\" \/><\/span>\n<\/p>\n<p><span class=\"wpcf7-form-control-wrap\" data-name=\"empresa\"><input size=\"40\" maxlength=\"400\" class=\"wpcf7-form-control wpcf7-text wpcf7-validates-as-required form-control\" aria-required=\"true\" aria-invalid=\"false\" placeholder=\"Nombre de la empresa\" value=\"\" type=\"text\" name=\"empresa\" \/><\/span>\n<\/p>\n<p><span class=\"wpcf7-form-control-wrap\" data-name=\"cliente-amino\"><select class=\"wpcf7-form-control wpcf7-select wpcf7-validates-as-required form-control\" aria-required=\"true\" aria-invalid=\"false\" name=\"cliente-amino\"><option value=\"\u00bfEs cliente de Amino?\">\u00bfEs cliente de Amino?<\/option><option value=\"S\u00ed\">S\u00ed<\/option><option value=\"No\">No<\/option><\/select><\/span>\n<\/p>\n<p><span class=\"wpcf7-form-control-wrap\" data-name=\"producto\"><input size=\"40\" maxlength=\"400\" class=\"wpcf7-form-control wpcf7-text form-control\" aria-invalid=\"false\" placeholder=\"Producto utilizado\" value=\"\" type=\"text\" name=\"producto\" \/><\/span>\n<\/p>\n<p><span class=\"wpcf7-form-control-wrap\" data-name=\"mensaje\"><textarea cols=\"40\" rows=\"10\" maxlength=\"2000\" class=\"wpcf7-form-control wpcf7-textarea wpcf7-validates-as-required form-control\" aria-required=\"true\" aria-invalid=\"false\" placeholder=\"Describa lo ocurrido\" name=\"mensaje\"><\/textarea><\/span>\n<\/p>\n<div style=\"display: none;\">\n\t<p><span id=\"wpcf7-69f340266d456-wrapper\" class=\"wpcf7-form-control-wrap email-user-wrap\" style=\"display:none !important; visibility:hidden !important;\"><input type=\"hidden\" name=\"email-user-time-start\" value=\"1777549350\"><input type=\"hidden\" name=\"email-user-time-check\" value=\"4\"><label for=\"wpcf7-69f340266d456-field\" class=\"hp-message\">Por favor, deja este campo vac\u00edo.<\/label><input id=\"wpcf7-69f340266d456-field\"  class=\"wpcf7-form-control wpcf7-text\" type=\"text\" name=\"email-user\" value=\"\" size=\"40\" tabindex=\"-1\" autocomplete=\"new-password\" \/><\/span>\n\t<\/p>\n<\/div>\n<p><input class=\"wpcf7-form-control wpcf7-submit has-spinner btn btn-primary\" type=\"submit\" value=\"Iniciar conversaci\u00f3n\" \/>\n<\/p>\n<input class=\"wpcf7-form-control wpcf7-hidden\" value=\"\" type=\"hidden\" name=\"utm_source\" \/>\n<input class=\"wpcf7-form-control wpcf7-hidden\" value=\"\" type=\"hidden\" name=\"utm_medium\" \/>\n<input class=\"wpcf7-form-control wpcf7-hidden\" value=\"\" type=\"hidden\" name=\"utm_campaign\" \/>\n<input class=\"wpcf7-form-control wpcf7-hidden\" value=\"\" type=\"hidden\" name=\"utm_term\" \/>\n<input class=\"wpcf7-form-control wpcf7-hidden\" value=\"\" type=\"hidden\" name=\"utm_content\" \/>\n<input class=\"wpcf7-form-control wpcf7-hidden\" value=\"\" type=\"hidden\" name=\"traffic_acquisition\" \/><p style=\"display: none !important;\" class=\"akismet-fields-container\" data-prefix=\"_wpcf7_ak_\"><label>&#916;<textarea name=\"_wpcf7_ak_hp_textarea\" cols=\"45\" rows=\"8\" maxlength=\"100\"><\/textarea><\/label><input type=\"hidden\" id=\"ak_js_1\" name=\"_wpcf7_ak_js\" value=\"65\"\/><script>document.getElementById( \"ak_js_1\" ).setAttribute( \"value\", ( new Date() ).getTime() );<\/script><\/p><div class=\"wpcf7-response-output\" aria-hidden=\"true\"><\/div>\n<\/form>\n<\/div>\n\n<\/div>\n\n<div class=\"iframe-assistente-virtual\" style=\"display:none;\">\n    <iframe \n    src=\"https:\/\/app.gptmaker.ai\/widget\/3E95A20AA47012EC237E62421B4BDC36\/iframe\" \n    width=\"100%\" \n    style=\"height: 100%; min-height: 70vh; border: solid #c1c2c3 1px;\"\n    allow=\"microphone;\" \n    frameborder=\"0\">\n    <\/iframe>\n<\/div>\n<\/div>\n\n\n\n<div class=\"wp-block-column is-layout-flow wp-block-column-is-layout-flow\" style=\"flex-basis:20px\"><\/div>\n\n\n\n<div class=\"wp-block-column is-layout-flow wp-block-column-is-layout-flow\">\n<h6 class=\"fw-bold text-uppercase text-primary mb-4\">Tel\u00e9fono<\/h6>\n\n<a href=\"tel:551140773777\" \n   class=\"btn btn-outline-primary btn-sm mb-3 w-100\"\n   style=\"color:#05377C; border-color:#05377C; background-color:transparent;\"\n   onmouseover=\"this.style.color='#fff'; this.style.backgroundColor='#05377C';\"\n   onmouseout=\"this.style.color='#05377C'; this.style.backgroundColor='transparent';\"\n   onmousedown=\"this.style.color='#fff'; this.style.backgroundColor='#05377C';\"\n   onmouseup=\"this.style.color='#fff'; this.style.backgroundColor='#05377C';\">\n   55. 11. 4077-3777\n<\/a>\n\n<a href=\"#\" \n   class=\"btn btn-success mb-5 w-100 dropdown-toggle toggle-whatsapp\" \n   data-bs-toggle=\"dropdown\">\n   WhatsApp\n<\/a>\n\n<div class=\"form-whatsapp border p-3\">\n  <div class=\"p-3\">\n    <p class=\"small\">\n      Atenci\u00f3n: no vendemos el producto final. Somos proveedores de formulaciones de poliuretano.\n    <\/p>\n    <p class=\"wpcf7-contact-form-not-found\"><strong>Error:<\/strong> Formulario de contacto no encontrado.<\/p>\n    <p class=\"small text-muted\">\n      Nunca comparta informaci\u00f3n confidencial (n\u00fameros de tarjetas de cr\u00e9dito, DNI, contrase\u00f1as, etc.) a trav\u00e9s de este formulario.\n    <\/p>\n  <\/div>\n<\/div>\n\n<hr class=\"mb-5\">\n\n<h6 class=\"fw-bold text-uppercase text-primary mb-4\">Direcci\u00f3n<\/h6>\n\n<address class=\"text-primary mb-5\">\n  Av. Dr. Ulysses Guimar\u00e3es, 3389 &#8211; Diadema <br>\n  SP &#8211; Brasil &#8211; CEP 09990-080\n<\/address>\n\n<hr class=\"mb-5\">\n\n<h6 class=\"fw-bold text-uppercase text-primary mb-4\">Recursos Humanos<\/h6>\n\n<a href=\"https:\/\/atracaodetalentos.totvs.app\/aminoquimica\"\n   class=\"btn btn-sm btn-outline-primary mb-5 w-100\"\n   style=\"color:#05377C; border-color:#05377C; background-color:transparent;\"\n   onmouseover=\"this.style.color='#fff'; this.style.backgroundColor='#05377C';\"\n   onmouseout=\"this.style.color='#05377C'; this.style.backgroundColor='transparent';\"\n   onmousedown=\"this.style.color='#fff'; this.style.backgroundColor='#05377C';\"\n   onmouseup=\"this.style.color='#fff'; this.style.backgroundColor='#05377C';\">\n   Trabaja en Amino\n<\/a>\n\n\n\n<script>\r\ndocument.addEventListener(\"DOMContentLoaded\", function () {\r\n    document.querySelector(\".toggle-whatsapp\").addEventListener(\"click\", function () {\r\n        this.style.display = \"none\"; \/\/ Esconde o bot\u00e3o ao clicar\r\n        document.querySelector(\".form-whatsapp\").style.display = \"block\"; \/\/ Mostra a div\r\n    });\r\n});\r\n<\/script>\n<\/div>\n<\/div>\n","protected":false},"excerpt":{"rendered":"<p>Habla con Amino, elige un canal.<\/p>\n","protected":false},"author":8,"featured_media":0,"parent":0,"menu_order":0,"comment_status":"closed","ping_status":"closed","template":"page-default-large.php","meta":{"_acf_changed":false,"footnotes":""},"categories":[],"tags":[],"class_list":["post-13737","page","type-page","status-publish","hentry"],"acf":[],"yoast_head":"<!-- This site is optimized with the Yoast SEO plugin v27.3 - https:\/\/yoast.com\/product\/yoast-seo-wordpress\/ -->\n<title>Soporte t\u00e9cnico - Amino<\/title>\n<meta name=\"robots\" content=\"index, follow, max-snippet:-1, max-image-preview:large, max-video-preview:-1\" \/>\n<link rel=\"canonical\" href=\"https:\/\/www.amino.com.br\/es\/soporte-tecnico\/\" \/>\n<meta property=\"og:locale\" content=\"es_ES\" \/>\n<meta property=\"og:type\" content=\"article\" \/>\n<meta property=\"og:title\" content=\"Soporte t\u00e9cnico - Amino\" \/>\n<meta property=\"og:description\" content=\"Habla con Amino, elige un canal.\" \/>\n<meta property=\"og:url\" content=\"https:\/\/www.amino.com.br\/es\/soporte-tecnico\/\" \/>\n<meta property=\"og:site_name\" content=\"Amino\" \/>\n<meta property=\"article:modified_time\" content=\"2026-03-23T20:05:35+00:00\" \/>\n<meta name=\"twitter:card\" content=\"summary_large_image\" \/>\n<meta name=\"twitter:label1\" content=\"Tiempo de lectura\" \/>\n\t<meta name=\"twitter:data1\" content=\"1 minuto\" \/>\n<script type=\"application\/ld+json\" class=\"yoast-schema-graph\">{\"@context\":\"https:\\\/\\\/schema.org\",\"@graph\":[{\"@type\":\"WebPage\",\"@id\":\"https:\\\/\\\/www.amino.com.br\\\/es\\\/soporte-tecnico\\\/\",\"url\":\"https:\\\/\\\/www.amino.com.br\\\/es\\\/soporte-tecnico\\\/\",\"name\":\"Soporte t\u00e9cnico - Amino\",\"isPartOf\":{\"@id\":\"https:\\\/\\\/www.amino.com.br\\\/es\\\/#website\"},\"datePublished\":\"2026-03-23T19:44:28+00:00\",\"dateModified\":\"2026-03-23T20:05:35+00:00\",\"inLanguage\":\"es\",\"potentialAction\":[{\"@type\":\"ReadAction\",\"target\":[\"https:\\\/\\\/www.amino.com.br\\\/es\\\/soporte-tecnico\\\/\"]}]},{\"@type\":\"WebSite\",\"@id\":\"https:\\\/\\\/www.amino.com.br\\\/es\\\/#website\",\"url\":\"https:\\\/\\\/www.amino.com.br\\\/es\\\/\",\"name\":\"Amino\",\"description\":\"Ind\u00fastria Qu\u00edmica para Poliuretanos\",\"potentialAction\":[{\"@type\":\"SearchAction\",\"target\":{\"@type\":\"EntryPoint\",\"urlTemplate\":\"https:\\\/\\\/www.amino.com.br\\\/es\\\/?s={search_term_string}\"},\"query-input\":{\"@type\":\"PropertyValueSpecification\",\"valueRequired\":true,\"valueName\":\"search_term_string\"}}],\"inLanguage\":\"es\"}]}<\/script>\n<!-- \/ Yoast SEO plugin. -->","yoast_head_json":{"title":"Soporte t\u00e9cnico - Amino","robots":{"index":"index","follow":"follow","max-snippet":"max-snippet:-1","max-image-preview":"max-image-preview:large","max-video-preview":"max-video-preview:-1"},"canonical":"https:\/\/www.amino.com.br\/es\/soporte-tecnico\/","og_locale":"es_ES","og_type":"article","og_title":"Soporte t\u00e9cnico - Amino","og_description":"Habla con Amino, elige un canal.","og_url":"https:\/\/www.amino.com.br\/es\/soporte-tecnico\/","og_site_name":"Amino","article_modified_time":"2026-03-23T20:05:35+00:00","twitter_card":"summary_large_image","twitter_misc":{"Tiempo de lectura":"1 minuto"},"schema":{"@context":"https:\/\/schema.org","@graph":[{"@type":"WebPage","@id":"https:\/\/www.amino.com.br\/es\/soporte-tecnico\/","url":"https:\/\/www.amino.com.br\/es\/soporte-tecnico\/","name":"Soporte t\u00e9cnico - Amino","isPartOf":{"@id":"https:\/\/www.amino.com.br\/es\/#website"},"datePublished":"2026-03-23T19:44:28+00:00","dateModified":"2026-03-23T20:05:35+00:00","inLanguage":"es","potentialAction":[{"@type":"ReadAction","target":["https:\/\/www.amino.com.br\/es\/soporte-tecnico\/"]}]},{"@type":"WebSite","@id":"https:\/\/www.amino.com.br\/es\/#website","url":"https:\/\/www.amino.com.br\/es\/","name":"Amino","description":"Ind\u00fastria Qu\u00edmica para Poliuretanos","potentialAction":[{"@type":"SearchAction","target":{"@type":"EntryPoint","urlTemplate":"https:\/\/www.amino.com.br\/es\/?s={search_term_string}"},"query-input":{"@type":"PropertyValueSpecification","valueRequired":true,"valueName":"search_term_string"}}],"inLanguage":"es"}]}},"_links":{"self":[{"href":"https:\/\/www.amino.com.br\/es\/wp-json\/wp\/v2\/pages\/13737","targetHints":{"allow":["GET"]}}],"collection":[{"href":"https:\/\/www.amino.com.br\/es\/wp-json\/wp\/v2\/pages"}],"about":[{"href":"https:\/\/www.amino.com.br\/es\/wp-json\/wp\/v2\/types\/page"}],"author":[{"embeddable":true,"href":"https:\/\/www.amino.com.br\/es\/wp-json\/wp\/v2\/users\/8"}],"replies":[{"embeddable":true,"href":"https:\/\/www.amino.com.br\/es\/wp-json\/wp\/v2\/comments?post=13737"}],"version-history":[{"count":3,"href":"https:\/\/www.amino.com.br\/es\/wp-json\/wp\/v2\/pages\/13737\/revisions"}],"predecessor-version":[{"id":13764,"href":"https:\/\/www.amino.com.br\/es\/wp-json\/wp\/v2\/pages\/13737\/revisions\/13764"}],"wp:attachment":[{"href":"https:\/\/www.amino.com.br\/es\/wp-json\/wp\/v2\/media?parent=13737"}],"wp:term":[{"taxonomy":"category","embeddable":true,"href":"https:\/\/www.amino.com.br\/es\/wp-json\/wp\/v2\/categories?post=13737"},{"taxonomy":"post_tag","embeddable":true,"href":"https:\/\/www.amino.com.br\/es\/wp-json\/wp\/v2\/tags?post=13737"}],"curies":[{"name":"wp","href":"https:\/\/api.w.org\/{rel}","templated":true}]}}