{"id":13577,"date":"2026-03-17T09:56:40","date_gmt":"2026-03-17T12:56:40","guid":{"rendered":"https:\/\/www.amino.com.br\/?page_id=13577"},"modified":"2026-03-17T10:02:21","modified_gmt":"2026-03-17T13:02:21","slug":"catalogo-linea-confort","status":"publish","type":"page","link":"https:\/\/www.amino.com.br\/es\/catalogo-linea-confort\/","title":{"rendered":"Cat\u00e1logo L\u00ednea Confort"},"content":{"rendered":"\n<p class=\"has-medium-font-size\"><strong>Este cat\u00e1logo fue elaborado por expertos de PIG de Amino.<\/strong><\/p>\n\n\n\n<p>Descargue ahora el Cat\u00e1logo Linea Confort y descubra todo sobre este revolucionario sistema. Explore sus aplicaciones, beneficios, tipos y consejos pr\u00e1cticos para optimizar sus proyectos industriales. Ideal para especialistas y para quienes sienten curiosidad por la tecnolog\u00eda y la eficiencia de los procesos.<\/p>\n\n\n\n<div style=\"height:20px\" aria-hidden=\"true\" class=\"wp-block-spacer\"><\/div>\n\n\n\n<script type=\"text\/javascript\" src=\"\/\/mautic.amino.com.br\/form\/generate.js?id=54\"><\/script>\n","protected":false},"excerpt":{"rendered":"<p>Este cat\u00e1logo fue elaborado por expertos de PIG de Amino. Descargue ahora el Cat\u00e1logo Linea Confort y descubra todo sobre este revolucionario sistema. Explore sus aplicaciones, beneficios, tipos y consejos pr\u00e1cticos para optimizar sus proyectos industriales. Ideal para especialistas y para quienes sienten curiosidad por la tecnolog\u00eda y la eficiencia de los procesos.<\/p>\n","protected":false},"author":8,"featured_media":13580,"parent":0,"menu_order":0,"comment_status":"closed","ping_status":"closed","template":"page-ebook.php","meta":{"_acf_changed":false,"footnotes":""},"categories":[218],"tags":[],"class_list":["post-13577","page","type-page","status-publish","has-post-thumbnail","hentry","category-catalogos-es"],"acf":[],"yoast_head":"<!-- This site is optimized with the Yoast SEO plugin v27.3 - https:\/\/yoast.com\/product\/yoast-seo-wordpress\/ -->\n<title>Cat\u00e1logo L\u00ednea Confort - Amino<\/title>\n<meta name=\"robots\" content=\"index, follow, max-snippet:-1, max-image-preview:large, max-video-preview:-1\" \/>\n<link rel=\"canonical\" href=\"https:\/\/www.amino.com.br\/es\/catalogo-linea-confort\/\" \/>\n<meta property=\"og:locale\" content=\"es_ES\" \/>\n<meta property=\"og:type\" content=\"article\" \/>\n<meta property=\"og:title\" content=\"Cat\u00e1logo L\u00ednea Confort - Amino\" \/>\n<meta property=\"og:description\" content=\"Este cat\u00e1logo fue elaborado por expertos de PIG de Amino. Descargue ahora el Cat\u00e1logo Linea Confort y descubra todo sobre este revolucionario sistema. Explore sus aplicaciones, beneficios, tipos y consejos pr\u00e1cticos para optimizar sus proyectos industriales. Ideal para especialistas y para quienes sienten curiosidad por la tecnolog\u00eda y la eficiencia de los procesos.\" \/>\n<meta property=\"og:url\" content=\"https:\/\/www.amino.com.br\/es\/catalogo-linea-confort\/\" \/>\n<meta property=\"og:site_name\" content=\"Amino\" \/>\n<meta property=\"article:modified_time\" content=\"2026-03-17T13:02:21+00:00\" \/>\n<meta property=\"og:image\" content=\"https:\/\/www.amino.com.br\/wp-content\/uploads\/2026\/03\/mockup-confort-es-1024x979.png\" \/>\n\t<meta property=\"og:image:width\" content=\"1024\" \/>\n\t<meta property=\"og:image:height\" content=\"979\" \/>\n\t<meta property=\"og:image:type\" content=\"image\/png\" \/>\n<meta name=\"twitter:card\" content=\"summary_large_image\" \/>\n<meta name=\"twitter:label1\" content=\"Tiempo de lectura\" \/>\n\t<meta name=\"twitter:data1\" content=\"1 minuto\" \/>\n<script type=\"application\/ld+json\" class=\"yoast-schema-graph\">{\"@context\":\"https:\\\/\\\/schema.org\",\"@graph\":[{\"@type\":\"WebPage\",\"@id\":\"https:\\\/\\\/www.amino.com.br\\\/es\\\/catalogo-linea-confort\\\/\",\"url\":\"https:\\\/\\\/www.amino.com.br\\\/es\\\/catalogo-linea-confort\\\/\",\"name\":\"Cat\u00e1logo L\u00ednea Confort - Amino\",\"isPartOf\":{\"@id\":\"https:\\\/\\\/www.amino.com.br\\\/es\\\/#website\"},\"primaryImageOfPage\":{\"@id\":\"https:\\\/\\\/www.amino.com.br\\\/es\\\/catalogo-linea-confort\\\/#primaryimage\"},\"image\":{\"@id\":\"https:\\\/\\\/www.amino.com.br\\\/es\\\/catalogo-linea-confort\\\/#primaryimage\"},\"thumbnailUrl\":\"https:\\\/\\\/www.amino.com.br\\\/wp-content\\\/uploads\\\/2026\\\/03\\\/mockup-confort-es.png\",\"datePublished\":\"2026-03-17T12:56:40+00:00\",\"dateModified\":\"2026-03-17T13:02:21+00:00\",\"inLanguage\":\"es\",\"potentialAction\":[{\"@type\":\"ReadAction\",\"target\":[\"https:\\\/\\\/www.amino.com.br\\\/es\\\/catalogo-linea-confort\\\/\"]}]},{\"@type\":\"ImageObject\",\"inLanguage\":\"es\",\"@id\":\"https:\\\/\\\/www.amino.com.br\\\/es\\\/catalogo-linea-confort\\\/#primaryimage\",\"url\":\"https:\\\/\\\/www.amino.com.br\\\/wp-content\\\/uploads\\\/2026\\\/03\\\/mockup-confort-es.png\",\"contentUrl\":\"https:\\\/\\\/www.amino.com.br\\\/wp-content\\\/uploads\\\/2026\\\/03\\\/mockup-confort-es.png\",\"width\":2244,\"height\":2146},{\"@type\":\"WebSite\",\"@id\":\"https:\\\/\\\/www.amino.com.br\\\/es\\\/#website\",\"url\":\"https:\\\/\\\/www.amino.com.br\\\/es\\\/\",\"name\":\"Amino\",\"description\":\"Ind\u00fastria Qu\u00edmica para Poliuretanos\",\"potentialAction\":[{\"@type\":\"SearchAction\",\"target\":{\"@type\":\"EntryPoint\",\"urlTemplate\":\"https:\\\/\\\/www.amino.com.br\\\/es\\\/?s={search_term_string}\"},\"query-input\":{\"@type\":\"PropertyValueSpecification\",\"valueRequired\":true,\"valueName\":\"search_term_string\"}}],\"inLanguage\":\"es\"}]}<\/script>\n<!-- \/ Yoast SEO plugin. -->","yoast_head_json":{"title":"Cat\u00e1logo L\u00ednea Confort - Amino","robots":{"index":"index","follow":"follow","max-snippet":"max-snippet:-1","max-image-preview":"max-image-preview:large","max-video-preview":"max-video-preview:-1"},"canonical":"https:\/\/www.amino.com.br\/es\/catalogo-linea-confort\/","og_locale":"es_ES","og_type":"article","og_title":"Cat\u00e1logo L\u00ednea Confort - Amino","og_description":"Este cat\u00e1logo fue elaborado por expertos de PIG de Amino. Descargue ahora el Cat\u00e1logo Linea Confort y descubra todo sobre este revolucionario sistema. Explore sus aplicaciones, beneficios, tipos y consejos pr\u00e1cticos para optimizar sus proyectos industriales. Ideal para especialistas y para quienes sienten curiosidad por la tecnolog\u00eda y la eficiencia de los procesos.","og_url":"https:\/\/www.amino.com.br\/es\/catalogo-linea-confort\/","og_site_name":"Amino","article_modified_time":"2026-03-17T13:02:21+00:00","og_image":[{"width":1024,"height":979,"url":"https:\/\/www.amino.com.br\/wp-content\/uploads\/2026\/03\/mockup-confort-es-1024x979.png","type":"image\/png"}],"twitter_card":"summary_large_image","twitter_misc":{"Tiempo de lectura":"1 minuto"},"schema":{"@context":"https:\/\/schema.org","@graph":[{"@type":"WebPage","@id":"https:\/\/www.amino.com.br\/es\/catalogo-linea-confort\/","url":"https:\/\/www.amino.com.br\/es\/catalogo-linea-confort\/","name":"Cat\u00e1logo L\u00ednea Confort - Amino","isPartOf":{"@id":"https:\/\/www.amino.com.br\/es\/#website"},"primaryImageOfPage":{"@id":"https:\/\/www.amino.com.br\/es\/catalogo-linea-confort\/#primaryimage"},"image":{"@id":"https:\/\/www.amino.com.br\/es\/catalogo-linea-confort\/#primaryimage"},"thumbnailUrl":"https:\/\/www.amino.com.br\/wp-content\/uploads\/2026\/03\/mockup-confort-es.png","datePublished":"2026-03-17T12:56:40+00:00","dateModified":"2026-03-17T13:02:21+00:00","inLanguage":"es","potentialAction":[{"@type":"ReadAction","target":["https:\/\/www.amino.com.br\/es\/catalogo-linea-confort\/"]}]},{"@type":"ImageObject","inLanguage":"es","@id":"https:\/\/www.amino.com.br\/es\/catalogo-linea-confort\/#primaryimage","url":"https:\/\/www.amino.com.br\/wp-content\/uploads\/2026\/03\/mockup-confort-es.png","contentUrl":"https:\/\/www.amino.com.br\/wp-content\/uploads\/2026\/03\/mockup-confort-es.png","width":2244,"height":2146},{"@type":"WebSite","@id":"https:\/\/www.amino.com.br\/es\/#website","url":"https:\/\/www.amino.com.br\/es\/","name":"Amino","description":"Ind\u00fastria Qu\u00edmica para Poliuretanos","potentialAction":[{"@type":"SearchAction","target":{"@type":"EntryPoint","urlTemplate":"https:\/\/www.amino.com.br\/es\/?s={search_term_string}"},"query-input":{"@type":"PropertyValueSpecification","valueRequired":true,"valueName":"search_term_string"}}],"inLanguage":"es"}]}},"_links":{"self":[{"href":"https:\/\/www.amino.com.br\/es\/wp-json\/wp\/v2\/pages\/13577","targetHints":{"allow":["GET"]}}],"collection":[{"href":"https:\/\/www.amino.com.br\/es\/wp-json\/wp\/v2\/pages"}],"about":[{"href":"https:\/\/www.amino.com.br\/es\/wp-json\/wp\/v2\/types\/page"}],"author":[{"embeddable":true,"href":"https:\/\/www.amino.com.br\/es\/wp-json\/wp\/v2\/users\/8"}],"replies":[{"embeddable":true,"href":"https:\/\/www.amino.com.br\/es\/wp-json\/wp\/v2\/comments?post=13577"}],"version-history":[{"count":1,"href":"https:\/\/www.amino.com.br\/es\/wp-json\/wp\/v2\/pages\/13577\/revisions"}],"predecessor-version":[{"id":13589,"href":"https:\/\/www.amino.com.br\/es\/wp-json\/wp\/v2\/pages\/13577\/revisions\/13589"}],"wp:featuredmedia":[{"embeddable":true,"href":"https:\/\/www.amino.com.br\/es\/wp-json\/wp\/v2\/media\/13580"}],"wp:attachment":[{"href":"https:\/\/www.amino.com.br\/es\/wp-json\/wp\/v2\/media?parent=13577"}],"wp:term":[{"taxonomy":"category","embeddable":true,"href":"https:\/\/www.amino.com.br\/es\/wp-json\/wp\/v2\/categories?post=13577"},{"taxonomy":"post_tag","embeddable":true,"href":"https:\/\/www.amino.com.br\/es\/wp-json\/wp\/v2\/tags?post=13577"}],"curies":[{"name":"wp","href":"https:\/\/api.w.org\/{rel}","templated":true}]}}