{"id":10282,"date":"2022-08-12T14:35:52","date_gmt":"2022-08-12T17:35:52","guid":{"rendered":"https:\/\/www.amino.com.br\/?page_id=10282"},"modified":"2025-10-29T16:32:51","modified_gmt":"2025-10-29T19:32:51","slug":"aditivos-de-poliuretano","status":"publish","type":"page","link":"https:\/\/www.amino.com.br\/es\/productos-y-soluciones\/aditivos-de-poliuretano\/","title":{"rendered":"Aditivos"},"content":{"rendered":"\n<div class=\"container pb-md-10\">\n\t<div class=\"row align-items-center\">\n\t\t<div class=\"col-md-5\">\n\t\t\t<h6 class=\"text-primary fw-bold mb-3\">\n\t\t\t\t<span class=\"text-uppercase\">Aditivos<\/span>\n\t\t\t<\/h6>\n\t\t\t<h3 class=\"display-3 text-dark fw-bold mb-6\">Alta tecnolog\u00eda y m\u00e1xima calidad en aditivos para espumas de poliuretano<\/h3>\n\t\t<\/div>\n\n\t\t<div class=\"col-md-7\">\n\t\t\t<p class=\"ps-md-8\">Los aditivos eficaces generan resultados. Las espumas de poliuretano se caracterizan por una amplia gama de propiedades f\u00edsico-qu\u00edmicas que pueden perfeccionarse mediante soluciones personalizadas. Por eso, al momento de elegir un aditivo, se debe considerar aquel que realmente marque la diferencia en el producto final, optimizando al m\u00e1ximo su calidad y cumpliendo con las principales exigencias del mercado. Con el objetivo de atender los m\u00e1s altos est\u00e1ndares de calidad, Amino cuenta con un amplio portafolio de aditivos para atender diversos tipos de segmentos.<\/p>\n\t\t<\/div>\n\t<\/div>\n<\/div>\n\n\n\n<div class=\"wp-block-group bg-light\"><div class=\"wp-block-group__inner-container is-layout-constrained wp-block-group-is-layout-constrained\">\n<div class=\"wp-block-group container px-lg-10\"><div class=\"wp-block-group__inner-container is-layout-constrained wp-block-group-is-layout-constrained\">\n<div style=\"height:100px\" aria-hidden=\"true\" class=\"wp-block-spacer\"><\/div>\n\n\n\n<h2 class=\"wp-block-heading has-text-align-center\"><strong>Conozca cada uno de los aditivos de Amino<\/strong><br><\/h2>\n\n\n\n<div style=\"height:75px\" aria-hidden=\"true\" class=\"wp-block-spacer\"><\/div>\n\n\n\n<div class=\"container\">\n\t<div class=\"row\">\n\t\t<div class=\"col-12\">\n\t\t\t<!-- Accordion -->\n\t\t\t<div class=\"accordion shadow\" id=\"tableAccordion\">\n\t\t\t\t\n\t\t\t\t<div class=\"accordion-item\">\n\t\t\t\t\t<div class=\"accordion-button collapsed\" role=\"button\" data-bs-toggle=\"collapse\" data-bs-target=\"#features1\" aria-expanded=\"false\" aria-controls=\"features1\">\n\t\t\t\t\t\t<div class=\"me-auto\">\n\t\t\t\t\t\t\t<h4 class=\"fw-bold mb-0\" id=\"features1Heading\">\n\t\t\t\t\t\t\t\tCatalizadores\t\t\t\t\t\t\t<\/h4>\n\t\t\t\t\t \t<\/div>\n\t\t\t\t\t <\/div>\n\n\t\t\t\t\t <div class=\"accordion-collapse collapse\" id=\"features1\" aria-labelledby=\"features1Heading\" data-bs-parent=\"#tableAccordion\" style=\"\">\n\t\t\t\t\t \t<div class=\"accordion-body\">\n\t\t\t\t\t \t\t<p data-start=\"718\" data-end=\"906\">La l\u00ednea <strong data-start=\"727\" data-end=\"738\">AMICAT\u00ae<\/strong> es ideal para quienes buscan una soluci\u00f3n personalizada en catalizadores, promoviendo la m\u00e1xima eficiencia en el control de la polimerizaci\u00f3n y expansi\u00f3n de pol\u00edmeros.<\/p>\n<p data-start=\"908\" data-end=\"921\">\n\n\t\t\t\t\t\t<\/div>\n\t\t\t\t\t<\/div>\n\t\t\t\t<\/div>\n\n\t\t\t\t\n\t\t\t\t<div class=\"accordion-item\">\n\t\t\t\t\t<div class=\"accordion-button collapsed\" role=\"button\" data-bs-toggle=\"collapse\" data-bs-target=\"#features2\" aria-expanded=\"false\" aria-controls=\"features2\">\n\t\t\t\t\t\t<div class=\"me-auto\">\n\t\t\t\t\t\t\t<h4 class=\"fw-bold mb-0\" id=\"features2Heading\">\n\t\t\t\t\t\t\t\tSiliconas\t\t\t\t\t\t\t<\/h4>\n\t\t\t\t\t \t<\/div>\n\t\t\t\t\t <\/div>\n\n\t\t\t\t\t <div class=\"accordion-collapse collapse\" id=\"features2\" aria-labelledby=\"features2Heading\" data-bs-parent=\"#tableAccordion\" style=\"\">\n\t\t\t\t\t \t<div class=\"accordion-body\">\n\t\t\t\t\t \t\t<p data-start=\"923\" data-end=\"1091\">Los productos <strong data-start=\"937\" data-end=\"948\">AMISIL\u00ae<\/strong> optimizan eficazmente las caracter\u00edsticas de la espuma. Promoviendo celdas finales abiertas o cerradas, brindan estabilidad al producto final.<\/p>\n<p data-start=\"1093\" data-end=\"1106\">\n\n\t\t\t\t\t\t<\/div>\n\t\t\t\t\t<\/div>\n\t\t\t\t<\/div>\n\n\t\t\t\t\n\t\t\t\t<div class=\"accordion-item\">\n\t\t\t\t\t<div class=\"accordion-button collapsed\" role=\"button\" data-bs-toggle=\"collapse\" data-bs-target=\"#features3\" aria-expanded=\"false\" aria-controls=\"features3\">\n\t\t\t\t\t\t<div class=\"me-auto\">\n\t\t\t\t\t\t\t<h4 class=\"fw-bold mb-0\" id=\"features3Heading\">\n\t\t\t\t\t\t\t\tPigmentos\t\t\t\t\t\t\t<\/h4>\n\t\t\t\t\t \t<\/div>\n\t\t\t\t\t <\/div>\n\n\t\t\t\t\t <div class=\"accordion-collapse collapse\" id=\"features3\" aria-labelledby=\"features3Heading\" data-bs-parent=\"#tableAccordion\" style=\"\">\n\t\t\t\t\t \t<div class=\"accordion-body\">\n\t\t\t\t\t \t\t<p data-start=\"1108\" data-end=\"1292\">Los aditivos <strong data-start=\"1121\" data-end=\"1134\">AMICOLOR\u00ae<\/strong> tienen un alto poder de coloraci\u00f3n, adem\u00e1s de resistencia a la luz y a la alcalinidad. Pueden utilizarse en diversos sistemas, seg\u00fan necesidades espec\u00edficas.<\/p>\n<p data-start=\"1294\" data-end=\"1321\">\n\n\t\t\t\t\t\t<\/div>\n\t\t\t\t\t<\/div>\n\t\t\t\t<\/div>\n\n\t\t\t\t\n\t\t\t\t<div class=\"accordion-item\">\n\t\t\t\t\t<div class=\"accordion-button collapsed\" role=\"button\" data-bs-toggle=\"collapse\" data-bs-target=\"#features4\" aria-expanded=\"false\" aria-controls=\"features4\">\n\t\t\t\t\t\t<div class=\"me-auto\">\n\t\t\t\t\t\t\t<h4 class=\"fw-bold mb-0\" id=\"features4Heading\">\n\t\t\t\t\t\t\t\tAditivos de Performance\t\t\t\t\t\t\t<\/h4>\n\t\t\t\t\t \t<\/div>\n\t\t\t\t\t <\/div>\n\n\t\t\t\t\t <div class=\"accordion-collapse collapse\" id=\"features4\" aria-labelledby=\"features4Heading\" data-bs-parent=\"#tableAccordion\" style=\"\">\n\t\t\t\t\t \t<div class=\"accordion-body\">\n\t\t\t\t\t \t\t<p data-start=\"1323\" data-end=\"1529\">Amino cuenta con una l\u00ednea completa de soluciones que mejoran las propiedades f\u00edsicas y qu\u00edmicas de los productos finales, promoviendo mejoras como mayor estabilidad, suavidad, dureza o retardante de llama.<\/p>\n\n\t\t\t\t\t\t<\/div>\n\t\t\t\t\t<\/div>\n\t\t\t\t<\/div>\n\n\t\t\t\t\n\t\t \t<\/div>\n\t\t<\/div>\n\t<\/div>\n<\/div>\n\n\n\n<div style=\"height:100px\" aria-hidden=\"true\" class=\"wp-block-spacer\"><\/div>\n<\/div><\/div>\n<\/div><\/div>\n\n\n\n<div class=\"wp-block-buttons bg-light pb-9 is-content-justification-center is-layout-flex wp-container-core-buttons-is-layout-16018d1d wp-block-buttons-is-layout-flex\">\n<div class=\"wp-block-button\"><a class=\"wp-block-button__link has-white-color has-text-color has-background has-link-color wp-element-button\" href=\"https:\/\/www.amino.com.br\/es\/contacto\/\" style=\"border-radius:2px;background-color:#05377c\"><strong>Hable<strong> con nuestros especialistas<\/strong><\/strong><\/a><\/div>\n<\/div>\n\n\n\n<div class=\"wp-block-group bg-white\"><div class=\"wp-block-group__inner-container is-layout-constrained wp-block-group-is-layout-constrained\">\n<div class=\"wp-block-group container px-lg-10\"><div class=\"wp-block-group__inner-container is-layout-constrained wp-block-group-is-layout-constrained\">\n<div style=\"height:100px\" aria-hidden=\"true\" class=\"wp-block-spacer\"><\/div>\n\n\n\r\n\r\n\t<!-- WELCOME -->\r\n\t<div class=\"mx-auto shadow bg-white\" style=\"border-radius: 5px; overflow: hidden;\">\t\r\n\t\t<div class=\"d-flex flex-column\">\r\n\t\t\t<div class=\"row g-0  align-items-stretch\">\r\n\t\t\t\t<div class=\"col-12 col-md-6 d-flex align-items-stretch\">\r\n\t\t\t\t\t<div class=\"h-100 w-100\">\r\n\t\t\t\t\t\t<img decoding=\"async\" src=\"https:\/\/www.amino.com.br\/wp-content\/uploads\/2024\/07\/catalogo-amino-1.webp\" alt=\"Reg\u00edstrese y solicite el cat\u00e1logo de soluciones en poliuretano\" class=\"d-block w-100 h-100 img-ebook-full\" style=\"object-fit:cover;object-position: center center;\">\r\n\t\t\t\t\t<\/div>\r\n\t\t\t\t<\/div>\r\n\r\n\r\n\t\t\t\t<div class=\"col-12 col-md-6 bg-gradient\">\r\n\t\t\t\t\t<div class=\"px-8 py-5\">\r\n\t\t\t\t\t\t<h2 class=\"fs-3 mb-6\" style=\"font-weight: 600;\">\r\n\t\t\t\t\t\t\tReg\u00edstrese y solicite el cat\u00e1logo de soluciones en poliuretano\t\t\t\t\t\t<\/h2>\r\n\r\n\t\t\t\t\t\t<div>\r\n\t\t\t\t\t\t\t<div class=\"form-assistente-virtual cf7-form\">\r\n    \n<div class=\"wpcf7 no-js\" id=\"wpcf7-f11603-o1\" lang=\"es-ES\" dir=\"ltr\" data-wpcf7-id=\"11603\">\n<div class=\"screen-reader-response\"><p role=\"status\" aria-live=\"polite\" aria-atomic=\"true\"><\/p> <ul><\/ul><\/div>\n<form action=\"\/es\/wp-json\/wp\/v2\/pages\/10282#wpcf7-f11603-o1\" method=\"post\" class=\"wpcf7-form init\" id=\"contact-es-aditivos\" aria-label=\"Formulario de contacto\" novalidate=\"novalidate\" data-status=\"init\">\n<fieldset class=\"hidden-fields-container\"><input type=\"hidden\" name=\"_wpcf7\" value=\"11603\" \/><input type=\"hidden\" name=\"_wpcf7_version\" value=\"6.1.5\" \/><input type=\"hidden\" name=\"_wpcf7_locale\" value=\"es_ES\" \/><input type=\"hidden\" name=\"_wpcf7_unit_tag\" value=\"wpcf7-f11603-o1\" \/><input type=\"hidden\" name=\"_wpcf7_container_post\" value=\"0\" \/><input type=\"hidden\" name=\"_wpcf7_posted_data_hash\" value=\"\" \/><input type=\"hidden\" name=\"_wpcf7_recaptcha_response\" value=\"\" \/>\n<\/fieldset>\n<p><span class=\"wpcf7-form-control-wrap\" data-name=\"nome\"><input size=\"40\" maxlength=\"400\" class=\"wpcf7-form-control wpcf7-text wpcf7-validates-as-required form-control\" autocomplete=\"name\" aria-required=\"true\" aria-invalid=\"false\" placeholder=\"Nombre\" value=\"\" type=\"text\" name=\"nome\" \/><\/span>\n<\/p>\n<p><span class=\"wpcf7-form-control-wrap\" data-name=\"empresa\"><input size=\"40\" maxlength=\"400\" class=\"wpcf7-form-control wpcf7-text wpcf7-validates-as-required form-control\" aria-required=\"true\" aria-invalid=\"false\" placeholder=\"Empresa\" value=\"\" type=\"text\" name=\"empresa\" \/><\/span>\n<\/p>\n<p><span class=\"wpcf7-form-control-wrap\" data-name=\"cargo\"><input size=\"40\" maxlength=\"400\" class=\"wpcf7-form-control wpcf7-text wpcf7-validates-as-required form-control\" aria-required=\"true\" aria-invalid=\"false\" placeholder=\"Posici\u00f3n\" value=\"\" type=\"text\" name=\"cargo\" \/><\/span>\n<\/p>\n<p><span class=\"wpcf7-form-control-wrap\" data-name=\"email\"><input size=\"40\" maxlength=\"400\" class=\"wpcf7-form-control wpcf7-email wpcf7-validates-as-required wpcf7-text wpcf7-validates-as-email form-control\" autocomplete=\"email\" aria-required=\"true\" aria-invalid=\"false\" placeholder=\"Email\" value=\"\" type=\"email\" name=\"email\" \/><\/span>\n<\/p>\n<p><span class=\"wpcf7-form-control-wrap\" data-name=\"telefone\"><input size=\"40\" maxlength=\"400\" class=\"wpcf7-form-control wpcf7-tel wpcf7-validates-as-required wpcf7-text wpcf7-validates-as-tel form-control\" autocomplete=\"tel\" aria-required=\"true\" aria-invalid=\"false\" placeholder=\"DDI + Tel\u00e9fono\" value=\"\" type=\"tel\" name=\"telefone\" \/><\/span>\n<\/p>\n<p><span class=\"wpcf7-form-control-wrap\" data-name=\"pais\"><input size=\"40\" maxlength=\"400\" class=\"wpcf7-form-control wpcf7-text wpcf7-validates-as-required form-control\" aria-required=\"true\" aria-invalid=\"false\" placeholder=\"Pa\u00eds\" value=\"\" type=\"text\" name=\"pais\" \/><\/span>\n<\/p>\n<p><input class=\"wpcf7-form-control wpcf7-submit has-spinner btn btn-primary\" type=\"submit\" value=\"Iniciar una conversaci\u00f3n\" \/>\n<\/p>\n<input class=\"wpcf7-form-control wpcf7-hidden\" value=\"\" type=\"hidden\" name=\"utm_source\" \/>\n<input class=\"wpcf7-form-control wpcf7-hidden\" value=\"\" type=\"hidden\" name=\"utm_medium\" \/>\n<input class=\"wpcf7-form-control wpcf7-hidden\" value=\"\" type=\"hidden\" name=\"utm_campaign\" \/>\n<input class=\"wpcf7-form-control wpcf7-hidden\" value=\"\" type=\"hidden\" name=\"utm_term\" \/>\n<input class=\"wpcf7-form-control wpcf7-hidden\" value=\"\" type=\"hidden\" name=\"utm_content\" \/>\n<input class=\"wpcf7-form-control wpcf7-hidden\" value=\"\" type=\"hidden\" name=\"traffic_acquisition\" \/><p style=\"display: none !important;\" class=\"akismet-fields-container\" data-prefix=\"_wpcf7_ak_\"><label>&#916;<textarea name=\"_wpcf7_ak_hp_textarea\" cols=\"45\" rows=\"8\" maxlength=\"100\"><\/textarea><\/label><input type=\"hidden\" id=\"ak_js_1\" name=\"_wpcf7_ak_js\" value=\"34\"\/><script>document.getElementById( \"ak_js_1\" ).setAttribute( \"value\", ( new Date() ).getTime() );<\/script><\/p><div class=\"wpcf7-response-output\" aria-hidden=\"true\"><\/div>\n<\/form>\n<\/div>\n\r\n<\/div>\r\n\r\n<div class=\"iframe-assistente-virtual\" style=\"display:none;\">\r\n    <iframe src=\"https:\/\/app.gptmaker.ai\/widget\/3E95A20AA47012EC237E62421B4BDC36\/iframe\" width=\"100%\" style=\"height: 100%; min-height: 70vh; border: solid #c1c2c3 1px;\" frameborder=\"0\"><\/iframe>\r\n<\/div>\r\n\t\t\t\t\t\t<\/div>\r\n\t\t\t\t\t<\/div>\r\n\t\t\t\t<\/div>\r\n\t\t\t<\/div>\r\n\t\t<\/div>\r\n\t<\/div>\r\n\r\n\r\n<style>\r\n\t@media (max-width: 768px) {\r\n\t\t.img-ebook-full {\r\n\t\t\tmax-height: 260px\t\r\n\t\t}\r\n\t}\r\n<\/style>\n\n\n<div style=\"height:100px\" aria-hidden=\"true\" class=\"wp-block-spacer\"><\/div>\n<\/div><\/div>\n<\/div><\/div>\n\n\n\n<div class=\"py-9 py-md-8 bg-primary\">\n\t<div class=\"container text-center d-md-flex align-items-center justify-content-center\">\n\t\t<h4 class=\"fw-bold text-white mb-6 mb-md-0\" style=\"font-size: 1.4rem;\">\n\t\tConozca m\u00e1s sobre las soluciones de poliuretano de Amino<\/h4>\n\t\t<div>\n\t\t\t<a href=\"https:\/\/www.amino.com.br\/es\/contacto\/\" class=\"btn btn-white text-primary mx-5\">Cont\u00e1ctenos<\/a>\n\t\t<\/div>\n\t<\/div>\n<\/div>\n\n","protected":false},"excerpt":{"rendered":"<p>La tecnolog\u00eda m\u00e1s avanzada para la formulaci\u00f3n y producci\u00f3n de aditivos de alto rendimiento<\/p>\n","protected":false},"author":5,"featured_media":0,"parent":8220,"menu_order":0,"comment_status":"closed","ping_status":"closed","template":"page-produto.php","meta":{"_acf_changed":false,"footnotes":""},"categories":[133],"tags":[],"class_list":["post-10282","page","type-page","status-publish","hentry","category-aditivos-es"],"acf":[],"yoast_head":"<!-- This site is optimized with the Yoast SEO plugin v27.3 - https:\/\/yoast.com\/product\/yoast-seo-wordpress\/ -->\n<title>Aditivos - Amino<\/title>\n<meta name=\"robots\" content=\"index, follow, max-snippet:-1, max-image-preview:large, max-video-preview:-1\" \/>\n<link rel=\"canonical\" href=\"https:\/\/www.amino.com.br\/es\/productos-y-soluciones\/aditivos-de-poliuretano\/\" \/>\n<meta property=\"og:locale\" content=\"es_ES\" \/>\n<meta property=\"og:type\" content=\"article\" \/>\n<meta property=\"og:title\" content=\"Aditivos - Amino\" \/>\n<meta property=\"og:description\" content=\"La tecnolog\u00eda m\u00e1s avanzada para la formulaci\u00f3n y producci\u00f3n de aditivos de alto rendimiento\" \/>\n<meta property=\"og:url\" content=\"https:\/\/www.amino.com.br\/es\/productos-y-soluciones\/aditivos-de-poliuretano\/\" \/>\n<meta property=\"og:site_name\" content=\"Amino\" \/>\n<meta property=\"article:modified_time\" content=\"2025-10-29T19:32:51+00:00\" \/>\n<meta name=\"twitter:card\" content=\"summary_large_image\" \/>\n<meta name=\"twitter:label1\" content=\"Tiempo de lectura\" \/>\n\t<meta name=\"twitter:data1\" content=\"3 minutos\" \/>\n<script type=\"application\/ld+json\" class=\"yoast-schema-graph\">{\"@context\":\"https:\\\/\\\/schema.org\",\"@graph\":[{\"@type\":\"WebPage\",\"@id\":\"https:\\\/\\\/www.amino.com.br\\\/es\\\/productos-y-soluciones\\\/aditivos-de-poliuretano\\\/\",\"url\":\"https:\\\/\\\/www.amino.com.br\\\/es\\\/productos-y-soluciones\\\/aditivos-de-poliuretano\\\/\",\"name\":\"Aditivos - Amino\",\"isPartOf\":{\"@id\":\"https:\\\/\\\/www.amino.com.br\\\/#website\"},\"datePublished\":\"2022-08-12T17:35:52+00:00\",\"dateModified\":\"2025-10-29T19:32:51+00:00\",\"breadcrumb\":{\"@id\":\"https:\\\/\\\/www.amino.com.br\\\/es\\\/productos-y-soluciones\\\/aditivos-de-poliuretano\\\/#breadcrumb\"},\"inLanguage\":\"es\",\"potentialAction\":[{\"@type\":\"ReadAction\",\"target\":[\"https:\\\/\\\/www.amino.com.br\\\/es\\\/productos-y-soluciones\\\/aditivos-de-poliuretano\\\/\"]}]},{\"@type\":\"BreadcrumbList\",\"@id\":\"https:\\\/\\\/www.amino.com.br\\\/es\\\/productos-y-soluciones\\\/aditivos-de-poliuretano\\\/#breadcrumb\",\"itemListElement\":[{\"@type\":\"ListItem\",\"position\":1,\"name\":\"Productos y Soluciones\",\"item\":\"https:\\\/\\\/www.amino.com.br\\\/es\\\/productos-y-soluciones\\\/\"},{\"@type\":\"ListItem\",\"position\":2,\"name\":\"Aditivos\"}]},{\"@type\":\"WebSite\",\"@id\":\"https:\\\/\\\/www.amino.com.br\\\/#website\",\"url\":\"https:\\\/\\\/www.amino.com.br\\\/\",\"name\":\"Amino\",\"description\":\"Ind\u00fastria Qu\u00edmica para Poliuretanos\",\"potentialAction\":[{\"@type\":\"SearchAction\",\"target\":{\"@type\":\"EntryPoint\",\"urlTemplate\":\"https:\\\/\\\/www.amino.com.br\\\/?s={search_term_string}\"},\"query-input\":{\"@type\":\"PropertyValueSpecification\",\"valueRequired\":true,\"valueName\":\"search_term_string\"}}],\"inLanguage\":\"es\"}]}<\/script>\n<!-- \/ Yoast SEO plugin. -->","yoast_head_json":{"title":"Aditivos - Amino","robots":{"index":"index","follow":"follow","max-snippet":"max-snippet:-1","max-image-preview":"max-image-preview:large","max-video-preview":"max-video-preview:-1"},"canonical":"https:\/\/www.amino.com.br\/es\/productos-y-soluciones\/aditivos-de-poliuretano\/","og_locale":"es_ES","og_type":"article","og_title":"Aditivos - Amino","og_description":"La tecnolog\u00eda m\u00e1s avanzada para la formulaci\u00f3n y producci\u00f3n de aditivos de alto rendimiento","og_url":"https:\/\/www.amino.com.br\/es\/productos-y-soluciones\/aditivos-de-poliuretano\/","og_site_name":"Amino","article_modified_time":"2025-10-29T19:32:51+00:00","twitter_card":"summary_large_image","twitter_misc":{"Tiempo de lectura":"3 minutos"},"schema":{"@context":"https:\/\/schema.org","@graph":[{"@type":"WebPage","@id":"https:\/\/www.amino.com.br\/es\/productos-y-soluciones\/aditivos-de-poliuretano\/","url":"https:\/\/www.amino.com.br\/es\/productos-y-soluciones\/aditivos-de-poliuretano\/","name":"Aditivos - Amino","isPartOf":{"@id":"https:\/\/www.amino.com.br\/#website"},"datePublished":"2022-08-12T17:35:52+00:00","dateModified":"2025-10-29T19:32:51+00:00","breadcrumb":{"@id":"https:\/\/www.amino.com.br\/es\/productos-y-soluciones\/aditivos-de-poliuretano\/#breadcrumb"},"inLanguage":"es","potentialAction":[{"@type":"ReadAction","target":["https:\/\/www.amino.com.br\/es\/productos-y-soluciones\/aditivos-de-poliuretano\/"]}]},{"@type":"BreadcrumbList","@id":"https:\/\/www.amino.com.br\/es\/productos-y-soluciones\/aditivos-de-poliuretano\/#breadcrumb","itemListElement":[{"@type":"ListItem","position":1,"name":"Productos y Soluciones","item":"https:\/\/www.amino.com.br\/es\/productos-y-soluciones\/"},{"@type":"ListItem","position":2,"name":"Aditivos"}]},{"@type":"WebSite","@id":"https:\/\/www.amino.com.br\/#website","url":"https:\/\/www.amino.com.br\/","name":"Amino","description":"Ind\u00fastria Qu\u00edmica para Poliuretanos","potentialAction":[{"@type":"SearchAction","target":{"@type":"EntryPoint","urlTemplate":"https:\/\/www.amino.com.br\/?s={search_term_string}"},"query-input":{"@type":"PropertyValueSpecification","valueRequired":true,"valueName":"search_term_string"}}],"inLanguage":"es"}]}},"_links":{"self":[{"href":"https:\/\/www.amino.com.br\/es\/wp-json\/wp\/v2\/pages\/10282","targetHints":{"allow":["GET"]}}],"collection":[{"href":"https:\/\/www.amino.com.br\/es\/wp-json\/wp\/v2\/pages"}],"about":[{"href":"https:\/\/www.amino.com.br\/es\/wp-json\/wp\/v2\/types\/page"}],"author":[{"embeddable":true,"href":"https:\/\/www.amino.com.br\/es\/wp-json\/wp\/v2\/users\/5"}],"replies":[{"embeddable":true,"href":"https:\/\/www.amino.com.br\/es\/wp-json\/wp\/v2\/comments?post=10282"}],"version-history":[{"count":10,"href":"https:\/\/www.amino.com.br\/es\/wp-json\/wp\/v2\/pages\/10282\/revisions"}],"predecessor-version":[{"id":12141,"href":"https:\/\/www.amino.com.br\/es\/wp-json\/wp\/v2\/pages\/10282\/revisions\/12141"}],"up":[{"embeddable":true,"href":"https:\/\/www.amino.com.br\/es\/wp-json\/wp\/v2\/pages\/8220"}],"wp:attachment":[{"href":"https:\/\/www.amino.com.br\/es\/wp-json\/wp\/v2\/media?parent=10282"}],"wp:term":[{"taxonomy":"category","embeddable":true,"href":"https:\/\/www.amino.com.br\/es\/wp-json\/wp\/v2\/categories?post=10282"},{"taxonomy":"post_tag","embeddable":true,"href":"https:\/\/www.amino.com.br\/es\/wp-json\/wp\/v2\/tags?post=10282"}],"curies":[{"name":"wp","href":"https:\/\/api.w.org\/{rel}","templated":true}]}}